{"id":6104,"date":"2024-01-22T10:13:10","date_gmt":"2024-01-22T10:13:10","guid":{"rendered":"https:\/\/alkiswah-towers.com\/hakkimizda\/"},"modified":"2025-07-08T10:00:18","modified_gmt":"2025-07-08T10:00:18","slug":"hakkimizda","status":"publish","type":"page","link":"https:\/\/alkiswah-towers.com\/tr\/hakkimizda\/","title":{"rendered":"Hakk\u0131m\u0131zda"},"content":{"rendered":"\t\t<div data-elementor-type=\"wp-page\" data-elementor-id=\"6104\" class=\"elementor elementor-6104 elementor-15\">\n\t\t\t\t<div class=\"elementor-element elementor-element-498b55c e-con-full e-flex e-con e-parent\" data-id=\"498b55c\" data-element_type=\"container\" data-e-type=\"container\" data-settings=\"{&quot;background_background&quot;:&quot;slideshow&quot;,&quot;background_slideshow_gallery&quot;:[{&quot;id&quot;:2336,&quot;url&quot;:&quot;https:\\\/\\\/alkiswah-towers.com\\\/wp-content\\\/uploads\\\/2024\\\/02\\\/WTA_8166_edit.webp&quot;}],&quot;background_slideshow_loop&quot;:&quot;yes&quot;,&quot;background_slideshow_slide_duration&quot;:5000,&quot;background_slideshow_slide_transition&quot;:&quot;fade&quot;,&quot;background_slideshow_transition_duration&quot;:500}\">\n\t\t\t\t<div class=\"elementor-element elementor-element-6e1c20a animated-fast elementor-widget__width-initial elementor-invisible elementor-widget elementor-widget-page-title\" data-id=\"6e1c20a\" data-element_type=\"widget\" data-e-type=\"widget\" data-settings=\"{&quot;align&quot;:&quot;right&quot;,&quot;_animation&quot;:&quot;zoomIn&quot;,&quot;_animation_delay&quot;:200,&quot;align_mobile&quot;:&quot;center&quot;}\" data-widget_type=\"page-title.default\">\n\t\t\t\t<div class=\"elementor-widget-container\">\n\t\t\t\t\t\t\t\n\t\t<div class=\"hfe-page-title hfe-page-title-wrapper elementor-widget-heading\">\n\n\t\t\t\t\t\t\t\t<h2 class=\"elementor-heading-title elementor-size-default\">\n\t\t\t\t\t\t\t\t\n\t\t\t\tHakk\u0131m\u0131zda  \n\t\t\t<\/h2 > \n\t\t\t\t\t<\/div>\n\t\t\t\t\t\t<\/div>\n\t\t\t\t<\/div>\n\t\t\t\t<div class=\"elementor-element elementor-element-d203acf animated-fast elementor-widget__width-initial elementor-hidden-desktop elementor-hidden-tablet elementor-hidden-mobile elementor-invisible elementor-widget elementor-widget-heading\" data-id=\"d203acf\" data-element_type=\"widget\" data-e-type=\"widget\" data-settings=\"{&quot;_animation&quot;:&quot;slideInRight&quot;,&quot;_animation_delay&quot;:200}\" data-widget_type=\"heading.default\">\n\t\t\t\t<div class=\"elementor-widget-container\">\n\t\t\t\t\t<h2 class=\"elementor-heading-title elementor-size-default\">Otelimiz En \u0130yilerinden Biridir<\/h2>\t\t\t\t<\/div>\n\t\t\t\t<\/div>\n\t\t\t\t<\/div>\n\t\t<div class=\"elementor-element elementor-element-b09f0f9 e-con-full elementor-hidden-desktop elementor-hidden-tablet elementor-hidden-mobile e-flex e-con e-parent\" data-id=\"b09f0f9\" data-element_type=\"container\" data-e-type=\"container\">\n\t\t<div class=\"elementor-element elementor-element-dd42243 e-con-full e-flex e-con e-child\" data-id=\"dd42243\" data-element_type=\"container\" data-e-type=\"container\">\n\t\t\t\t<div class=\"elementor-element elementor-element-7363b7d elementor-widget elementor-widget-heading\" data-id=\"7363b7d\" data-element_type=\"widget\" data-e-type=\"widget\" data-widget_type=\"heading.default\">\n\t\t\t\t<div class=\"elementor-widget-container\">\n\t\t\t\t\t<h2 class=\"elementor-heading-title elementor-size-default\"><a href=\"https:\/\/alkiswah-towers.com\/tr\/\">Ev<\/a><\/h2>\t\t\t\t<\/div>\n\t\t\t\t<\/div>\n\t\t\t\t<\/div>\n\t\t<div class=\"elementor-element elementor-element-53adc70 e-con-full e-flex e-con e-child\" data-id=\"53adc70\" data-element_type=\"container\" data-e-type=\"container\">\n\t\t\t\t<div class=\"elementor-element elementor-element-1014d37 elementor-widget elementor-widget-heading\" data-id=\"1014d37\" data-element_type=\"widget\" data-e-type=\"widget\" data-widget_type=\"heading.default\">\n\t\t\t\t<div class=\"elementor-widget-container\">\n\t\t\t\t\t<h2 class=\"elementor-heading-title elementor-size-default\">|<\/h2>\t\t\t\t<\/div>\n\t\t\t\t<\/div>\n\t\t\t\t<\/div>\n\t\t<div class=\"elementor-element elementor-element-81c98b5 e-con-full e-flex e-con e-child\" data-id=\"81c98b5\" data-element_type=\"container\" data-e-type=\"container\">\n\t\t\t\t<div class=\"elementor-element elementor-element-fca8f81 elementor-widget elementor-widget-heading\" data-id=\"fca8f81\" data-element_type=\"widget\" data-e-type=\"widget\" data-widget_type=\"heading.default\">\n\t\t\t\t<div class=\"elementor-widget-container\">\n\t\t\t\t\t<h2 class=\"elementor-heading-title elementor-size-default\"><a href=\"https:\/\/alkiswah-towers.com\/tr\/hakkimizda\/\">Hakk\u0131m\u0131zda<\/a><\/h2>\t\t\t\t<\/div>\n\t\t\t\t<\/div>\n\t\t\t\t<\/div>\n\t\t\t\t<\/div>\n\t\t<div class=\"elementor-element elementor-element-52b3eab elementor-hidden-tablet elementor-hidden-mobile e-flex e-con-boxed e-con e-parent\" data-id=\"52b3eab\" data-element_type=\"container\" data-e-type=\"container\" data-settings=\"{&quot;background_background&quot;:&quot;classic&quot;}\">\n\t\t\t\t\t<div class=\"e-con-inner\">\n\t\t\t\t<div class=\"elementor-element elementor-element-cbfca8a elementor-widget elementor-widget-shortcode\" data-id=\"cbfca8a\" data-element_type=\"widget\" data-e-type=\"widget\" data-widget_type=\"shortcode.default\">\n\t\t\t\t<div class=\"elementor-widget-container\">\n\t\t\t\t\t\t\t<div class=\"elementor-shortcode\"><div class=\"containerrr\">\n\n\t\t<div id=\"quickbooking\" class=\"main quickbooking\">\n\n\n\t\t\t<form class=\"book-col-form closed\" action=\"\" method=\"post\" name=\"BookOnline\" target=\"_blank\" id=\"BookOnline\">\n\t\t\t\t\n\t\t\t\t<div class=\"book-col-column check-in\" style=\"text-align: left;border-right: 2px solid #000000;\">\n\n\t\t\t\t\t<label for=\"DD1\">Giri\u015f<\/label>\n\t\t\t\t\t<input id=\"arrival\" class=\"datepicker\" name=\"arrival\" value=\"\" type=\"text\" autofocuss style=\"border-top: 0px solid #d2d2d2;border-left: 0px solid #d2d2d2;border-bottom: 0px solid #d2d2d2;border-right: 0px;border-top-right-radius: 0;border-bottom-right-radius: 0;\">\n\t\t\t\t\t\n\t\t\t\t<\/div>\n\t\t\t\t\n\t\t\t\t<div class=\"book-col-column check-in\" style=\"text-align: left;border-right: 2px solid #000000;\">\n\n\t\t\t\t\t<label for=\"DD2\">\u00c7\u0131k\u0131\u015f yapmak<\/label>\n\t\t\t\t\t<input id=\"departure\" class=\"datepicker\" name=\"departure\" value=\"\" type=\"text\" autofocuss style=\"border-top: 0px solid #d2d2d2;border-right: 0px solid #d2d2d2;border-bottom: 0px solid #d2d2d2;border-left: 0px;border-top-left-radius: 0;border-bottom-left-radius: 0;\">\n\t\t\t\t\n\t\t\t\t\t\n\t\t\t\t<\/div>\n\t\t\t\t\n\t\t\t\t\n<!-- \t\t\t\t<div class=\"book-col-column promocode\" style=\"text-align: left;border-right: 2px solid #000000;\">\n\n\t\t\t\t\t<label for=\"promocode\"><\/label>\n\t\t\t\t\t<input id=\"promocode\" class=\"promocode\" name=\"promo\" value=\"\" type=\"text\" autofocuss style=\"border-top: 0px solid #d2d2d2;border-right: 0px solid #d2d2d2;border-bottom: 0px solid #d2d2d2;border-left: 0px;border-top-left-radius: 0;border-bottom-left-radius: 0;\">\n\t\t\t\t\n\t\t\t\t\t\n\t\t\t\t<\/div> -->\n\t\t\t\t\n\t\t\t\t <div class=\"book-col-column rooms\" style=\"text-align: left;border-right: 2px solid #000000;\">\n\t\t\t\t\t<label for=\"rooms\">Oda<\/label>\n\t\t\t\t\t<select id=\"rooms\" name=\"rooms\" style=\"text-align: left;border: 0px solid #d2d2d2;text-align: left;-webkit-appearance: none;\">\n\t\t\t\t\t\t<option value=\"1\">1<\/option>\n\t\t\t\t\t\t<option value=\"2\">2<\/option>\n\t\t\t\t\t\t<option value=\"3\">3<\/option>\n\t\t\t\t\t\t<option value=\"4\">4<\/option>\n\t\t\t\t\t<\/select>\n\t\t\t\t<\/div>\n\n\n\t\t\t\t<div class=\"book-col-column adults\" style=\"text-align: left;border-right: 2px solid #000000;\">\n\t\t\t\t\t<label for=\"adults\">Yeti\u015fkinler<\/label>\n\t\t\t\t\t<select id=\"adults\" name=\"adults\" style=\"text-align: left;-webkit-appearance: none;border-top: 0px solid #d2d2d2;border-left: 0px; border-right: 0px solid #d2d2d2;\">\n\t\t\t\t\t\t<option value=\"1\">1 <\/option>\n\t\t\t\t\t\t<option value=\"2\" selected=\"selected\">2<\/option>\n\t\t\t\t\t\t<option value=\"3\">3<\/option>\n\t\t\t\t\t\t<option value=\"4\">4<\/option>\n\t\t\t\t\t\t<option value=\"5\">5<\/option>\n\t\t\t\t\t<\/select>\n\t\t\t\t\t\n\t\t\t\t\t\n\t\t\t\t<\/div>\n\t\t\t\t\n\t\t\t\t<div class=\"book-col-column kids\" style=\"text-align: left;\">\n\t\t\t\t\t<label for=\"kids\">\u00c7ocuk<\/label>\n\t\t\t\t<select id=\"kids\" name=\"kids\" style=\"text-align: left;-webkit-appearance: none;border-top: 0px solid #d2d2d2;border-left: 0px; border-right: 0px; solid #d2d2d2;\">\n\t\t\t\t\t\t<option value=\"0\">0 \u00c7ocuk<\/option>\n\t\t\t\t\t\t<option value=\"1\">1 \u00c7ocuk<\/option>\n\t\t\t\t\t\t<option value=\"2\">2 \u00c7ocuklar<\/option>\n\t\t\t\t\t\t<option value=\"3\">3 \u00c7ocuklar<\/option>\n\t\t\t\t\t\t<option value=\"4\">4 \u00c7ocuklar<\/option>\n\t\t\t\t\t<\/select>\n\t\t\t\t<\/div>\n\t\t\t\t\n\n               \n\t\t\t\t<div class=\"book-col-column book-now\">\n\t\t\t\t\t<div class=\"book-col-submit-wrap\">\n\t\t\t\t\t\t<input class=\"book-col-submit\" type=\"submit\" value=\"\u015eimdi Rezervasyon Yap\u0131n\" \/>\n\n\t\t\t\t\t<\/div>\n\n\t\t\t\t\t<div id=\"container\"><\/div>\n\t\t\t\t\t<input type=\"hidden\" name=\"Page\" value=\"19\">\n\t\t\t\t\t<input type=\"hidden\" name=\"lan_id\" value=\"tr-TR\">\n\t\t\t\t\t<input type=\"hidden\" name=\"kid1\" value=\"-1\">\n\t\t\t\t\t<input type=\"hidden\" name=\"kid2\" value=\"1\">\n\t\t\t\t\t<input type=\"hidden\" name=\"kid3\" value=\"-1\">\n\t\t\t\t\t<input type=\"hidden\" name=\"extra\" value=\"0\">\n\t\t\t\t\t<input type=\"hidden\" name=\"cot\" value=\"0\">\n\t\t\t\t\t<input type=\"hidden\" name=\"src\" value=\"\">\n\n\t\t\t\t<\/div>\n\t\t\t<\/form>\n\t\t<\/div>\n\t<\/div>\n<\/div>\n\t\t\t\t\t\t<\/div>\n\t\t\t\t<\/div>\n\t\t\t\t\t<\/div>\n\t\t\t\t<\/div>\n\t\t<div class=\"elementor-element elementor-element-c7b0700 e-con-full e-flex e-con e-parent\" data-id=\"c7b0700\" data-element_type=\"container\" data-e-type=\"container\">\n\t\t<div class=\"elementor-element elementor-element-ac7ec52 e-con-full e-flex e-con e-child\" data-id=\"ac7ec52\" data-element_type=\"container\" data-e-type=\"container\">\n\t\t<div class=\"elementor-element elementor-element-43eb217 e-con-full e-flex e-con e-child\" data-id=\"43eb217\" data-element_type=\"container\" data-e-type=\"container\">\n\t\t\t\t<div class=\"elementor-element elementor-element-c93b712 animated-fast elementor-invisible elementor-widget elementor-widget-heading\" data-id=\"c93b712\" data-element_type=\"widget\" data-e-type=\"widget\" data-settings=\"{&quot;_animation&quot;:&quot;zoomIn&quot;,&quot;_animation_delay&quot;:200}\" data-widget_type=\"heading.default\">\n\t\t\t\t<div class=\"elementor-widget-container\">\n\t\t\t\t\t<h2 class=\"elementor-heading-title elementor-size-default\">Ho\u015f geldiniz  <\/h2>\t\t\t\t<\/div>\n\t\t\t\t<\/div>\n\t\t\t\t<div class=\"elementor-element elementor-element-6675c02 animated-fast elementor-invisible elementor-widget elementor-widget-heading\" data-id=\"6675c02\" data-element_type=\"widget\" data-e-type=\"widget\" data-settings=\"{&quot;_animation&quot;:&quot;zoomIn&quot;,&quot;_animation_delay&quot;:200}\" data-widget_type=\"heading.default\">\n\t\t\t\t<div class=\"elementor-widget-container\">\n\t\t\t\t\t<h2 class=\"elementor-heading-title elementor-size-default\">Al Kiswah Towers Otel<\/h2>\t\t\t\t<\/div>\n\t\t\t\t<\/div>\n\t\t\t\t<div class=\"elementor-element elementor-element-a50fa1b animated-fast elementor-invisible elementor-widget elementor-widget-text-editor\" data-id=\"a50fa1b\" data-element_type=\"widget\" data-e-type=\"widget\" data-settings=\"{&quot;_animation&quot;:&quot;slideInLeft&quot;,&quot;_animation_delay&quot;:200}\" data-widget_type=\"text-editor.default\">\n\t\t\t\t<div class=\"elementor-widget-container\">\n\t\t\t\t\t\t\t\t\t<p>\u00dccretsiz WiFi sunan Al Kiswah Towers Hotel, Mekke&#8217;de Ebrac el-Beyt&#8217;e 3,2 km ve Mescid-i Haram&#8217;a 8 km uzakl\u0131kta yer almaktad\u0131r. Um AlQura \u00dcniversitesi&#8217;ne 8 km uzakl\u0131ktaki tesis, Hira Ma\u011faras\u0131&#8217;na da 8 km mesafededir. Mina otele 11 km, Makkah Mall ise 13 km uzakl\u0131ktad\u0131r. Otelin t\u00fcm konuk odalar\u0131 d\u00fcz ekran TV ile donat\u0131lm\u0131\u015ft\u0131r. Odalar \u00f6zel banyoludur.<br><br>Al Kiswah Towers Hotel, konuklar\u0131n b\u00f6lgeyi gezmelerine yard\u0131mc\u0131 olmak i\u00e7in resepsiyonda rahatl\u0131kla bilgi verebilir. Arafat konaklama birimine 25 kilometre uzakl\u0131ktad\u0131r. Kral Abd\u00fclaziz Havaalan\u0131 68 km uzakl\u0131ktad\u0131r.<\/p>\t\t\t\t\t\t\t\t<\/div>\n\t\t\t\t<\/div>\n\t\t\t\t<\/div>\n\t\t<div class=\"elementor-element elementor-element-fb5f0c3 e-con-full e-flex e-con e-child\" data-id=\"fb5f0c3\" data-element_type=\"container\" data-e-type=\"container\" data-settings=\"{&quot;background_background&quot;:&quot;classic&quot;}\">\n\t\t\t\t<div class=\"elementor-element elementor-element-cc3b77f elementor-hidden-desktop elementor-widget elementor-widget-spacer\" data-id=\"cc3b77f\" data-element_type=\"widget\" data-e-type=\"widget\" data-widget_type=\"spacer.default\">\n\t\t\t\t<div class=\"elementor-widget-container\">\n\t\t\t\t\t\t\t<div class=\"elementor-spacer\">\n\t\t\t<div class=\"elementor-spacer-inner\"><\/div>\n\t\t<\/div>\n\t\t\t\t\t\t<\/div>\n\t\t\t\t<\/div>\n\t\t\t\t<div class=\"elementor-element elementor-element-af47bd3 animated-fast elementor-hidden-tablet elementor-hidden-mobile elementor-invisible elementor-widget elementor-widget-image\" data-id=\"af47bd3\" data-element_type=\"widget\" data-e-type=\"widget\" data-settings=\"{&quot;_animation&quot;:&quot;slideInRight&quot;,&quot;_animation_delay&quot;:200}\" data-widget_type=\"image.default\">\n\t\t\t\t<div class=\"elementor-widget-container\">\n\t\t\t\t\t\t\t\t\t\t\t\t\t\t\t<img decoding=\"async\" src=\"https:\/\/alkiswah-towers.com\/wp-content\/uploads\/elementor\/thumbs\/WTA_7219-qk69qq2n3f9zeupkdkkfn6yzi0m97udeplbfk62vjc.webp\" title=\"WTA_7219\" alt=\"WTA_7219\" loading=\"lazy\" \/>\t\t\t\t\t\t\t\t\t\t\t\t\t\t\t<\/div>\n\t\t\t\t<\/div>\n\t\t\t\t<\/div>\n\t\t\t\t<\/div>\n\t\t\t\t<\/div>\n\t\t<div class=\"elementor-element elementor-element-8fa0010 e-con-full e-flex e-con e-parent\" data-id=\"8fa0010\" data-element_type=\"container\" data-e-type=\"container\" data-settings=\"{&quot;background_background&quot;:&quot;classic&quot;}\">\n\t\t<div class=\"elementor-element elementor-element-5608b5c e-con-full e-flex e-con e-child\" data-id=\"5608b5c\" data-element_type=\"container\" data-e-type=\"container\" data-settings=\"{&quot;background_background&quot;:&quot;classic&quot;}\">\n\t\t\t\t<div class=\"elementor-element elementor-element-c191103 animated-fast elementor-hidden-tablet elementor-hidden-mobile elementor-invisible elementor-widget elementor-widget-image\" data-id=\"c191103\" data-element_type=\"widget\" data-e-type=\"widget\" data-settings=\"{&quot;_animation&quot;:&quot;slideInLeft&quot;,&quot;_animation_delay&quot;:200}\" data-widget_type=\"image.default\">\n\t\t\t\t<div class=\"elementor-widget-container\">\n\t\t\t\t\t\t\t\t\t\t\t\t\t\t\t<img decoding=\"async\" src=\"https:\/\/alkiswah-towers.com\/wp-content\/uploads\/elementor\/thumbs\/WTA_7963-qk6mx7zobhm5r4606vg78m33vweg9vwwz8fzohpkqw.webp\" title=\"WTA_7963\" alt=\"WTA_7963\" loading=\"lazy\" \/>\t\t\t\t\t\t\t\t\t\t\t\t\t\t\t<\/div>\n\t\t\t\t<\/div>\n\t\t\t\t<\/div>\n\t\t<div class=\"elementor-element elementor-element-c94fccb e-con-full animated-fast e-flex elementor-invisible e-con e-child\" data-id=\"c94fccb\" data-element_type=\"container\" data-e-type=\"container\" data-settings=\"{&quot;background_background&quot;:&quot;classic&quot;,&quot;animation&quot;:&quot;slideInRight&quot;,&quot;animation_delay&quot;:200}\">\n\t\t\t\t<div class=\"elementor-element elementor-element-f05ffff animated-fast elementor-invisible elementor-widget elementor-widget-heading\" data-id=\"f05ffff\" data-element_type=\"widget\" data-e-type=\"widget\" data-settings=\"{&quot;_animation&quot;:&quot;zoomIn&quot;,&quot;_animation_delay&quot;:200}\" data-widget_type=\"heading.default\">\n\t\t\t\t<div class=\"elementor-widget-container\">\n\t\t\t\t\t<h2 class=\"elementor-heading-title elementor-size-default\">De\u011ferlend\u0131rmek<\/h2>\t\t\t\t<\/div>\n\t\t\t\t<\/div>\n\t\t\t\t<div class=\"elementor-element elementor-element-e7f8ebb elementor-widget elementor-widget-text-editor\" data-id=\"e7f8ebb\" data-element_type=\"widget\" data-e-type=\"widget\" data-widget_type=\"text-editor.default\">\n\t\t\t\t<div class=\"elementor-widget-container\">\n\t\t\t\t\t\t\t\t\t<p>Konuklar\u0131n check-in s\u0131ras\u0131nda pasaportlar\u0131n\u0131 ve rezervasyon i\u00e7in kulland\u0131klar\u0131 banka kart\u0131n\u0131 ibraz etmeleri rica olunur. Rezervasyonu yapan konu\u011fun banka kart\u0131n\u0131n sahibi olmas\u0131 gerekmektedir. Kart\u0131n ibraz edilmemesi durumunda \u00f6n \u00f6deme iade edilecek ve farkl\u0131 bir \u00f6deme y\u00f6ntemi gerekli olacakt\u0131r.<\/p><p>Bu otel, Coronavir\u00fcs&#8217;\u00fcn (COVID-19) bula\u015fmas\u0131n\u0131 en aza indirmeye y\u00f6nelik h\u00fck\u00fcmet y\u00f6nergeleri uyar\u0131nca, bu t\u00fcr kurallar\u0131n mevcut oldu\u011fu tarihlerde misafirlerden kimlik, seyahat program\u0131 ve di\u011fer ilgili bilgilerin do\u011frulanmas\u0131 i\u00e7in ek belgeler talep edebilir.<\/p><p>Bu tesiste Coronavir\u00fcs&#8217;e (COVID-19) kar\u015f\u0131 ek g\u00fcvenlik ve temizlik \u00f6nlemleri uygulan\u0131yor. T\u00fcm \u00d6zel \u0130steklerin m\u00fcsaitlik durumuna ba\u011fl\u0131 oldu\u011funu ve ek \u00fccrete tabi olabilece\u011fini l\u00fctfen unutmay\u0131n. S\u0131n\u0131rl\u0131 alan nedeniyle otopark m\u00fcsaitlik durumuna ba\u011fl\u0131d\u0131r.<\/p>\t\t\t\t\t\t\t\t<\/div>\n\t\t\t\t<\/div>\n\t\t\t\t<\/div>\n\t\t\t\t<\/div>\n\t\t\t\t<\/div>\n\t\t","protected":false},"excerpt":{"rendered":"<p>About Us Otelimiz En \u0130yilerinden Biridir Ev | Hakk\u0131m\u0131zda Ho\u015f geldiniz Al Kiswah Towers Otel \u00dccretsiz WiFi sunan Al Kiswah Towers Hotel, Mekke&#8217;de Ebrac el-Beyt&#8217;e 3,2 km ve Mescid-i Haram&#8217;a 8 km uzakl\u0131kta yer almaktad\u0131r. Um AlQura \u00dcniversitesi&#8217;ne 8 km uzakl\u0131ktaki tesis, Hira Ma\u011faras\u0131&#8217;na da 8 km mesafededir. Mina otele 11 km, Makkah Mall ise [&hellip;]<\/p>\n","protected":false},"author":1,"featured_media":0,"parent":0,"menu_order":0,"comment_status":"closed","ping_status":"closed","template":"elementor_header_footer","meta":{"footnotes":""},"class_list":["post-6104","page","type-page","status-publish","hentry"],"aioseo_notices":[],"_links":{"self":[{"href":"https:\/\/alkiswah-towers.com\/tr\/wp-json\/wp\/v2\/pages\/6104","targetHints":{"allow":["GET"]}}],"collection":[{"href":"https:\/\/alkiswah-towers.com\/tr\/wp-json\/wp\/v2\/pages"}],"about":[{"href":"https:\/\/alkiswah-towers.com\/tr\/wp-json\/wp\/v2\/types\/page"}],"author":[{"embeddable":true,"href":"https:\/\/alkiswah-towers.com\/tr\/wp-json\/wp\/v2\/users\/1"}],"replies":[{"embeddable":true,"href":"https:\/\/alkiswah-towers.com\/tr\/wp-json\/wp\/v2\/comments?post=6104"}],"version-history":[{"count":8,"href":"https:\/\/alkiswah-towers.com\/tr\/wp-json\/wp\/v2\/pages\/6104\/revisions"}],"predecessor-version":[{"id":13909,"href":"https:\/\/alkiswah-towers.com\/tr\/wp-json\/wp\/v2\/pages\/6104\/revisions\/13909"}],"wp:attachment":[{"href":"https:\/\/alkiswah-towers.com\/tr\/wp-json\/wp\/v2\/media?parent=6104"}],"curies":[{"name":"wp","href":"https:\/\/api.w.org\/{rel}","templated":true}]}}