{"id":11006,"date":"2024-07-04T10:20:24","date_gmt":"2024-07-04T10:20:24","guid":{"rendered":"https:\/\/alkiswah-towers.com\/destinasyonlari-kesfedin\/"},"modified":"2024-10-03T05:11:34","modified_gmt":"2024-10-03T05:11:34","slug":"destinasyonlari-kesfedin","status":"publish","type":"page","link":"https:\/\/alkiswah-towers.com\/tr\/destinasyonlari-kesfedin\/","title":{"rendered":"Destinasyonlar\u0131 Ke\u015ffedin"},"content":{"rendered":"\t\t<div data-elementor-type=\"wp-page\" data-elementor-id=\"11006\" class=\"elementor elementor-11006 elementor-10978\">\n\t\t\t\t<div class=\"elementor-element elementor-element-ea4964e e-con-full e-flex e-con e-parent\" data-id=\"ea4964e\" data-element_type=\"container\" data-e-type=\"container\" data-settings=\"{&quot;background_background&quot;:&quot;classic&quot;}\">\n\t\t\t\t<div class=\"elementor-element elementor-element-c628f52 animated-fast elementor-widget__width-initial elementor-invisible elementor-widget elementor-widget-heading\" data-id=\"c628f52\" data-element_type=\"widget\" data-e-type=\"widget\" data-settings=\"{&quot;_animation&quot;:&quot;zoomIn&quot;,&quot;_animation_delay&quot;:200}\" data-widget_type=\"heading.default\">\n\t\t\t\t<div class=\"elementor-widget-container\">\n\t\t\t\t\t<h2 class=\"elementor-heading-title elementor-size-default\">Destinasyonlar\u0131 Ke\u015ffedin<\/h2>\t\t\t\t<\/div>\n\t\t\t\t<\/div>\n\t\t\t\t<\/div>\n\t\t<div class=\"elementor-element elementor-element-4135c8c elementor-hidden-tablet elementor-hidden-mobile elementor-hidden-desktop e-flex e-con-boxed e-con e-parent\" data-id=\"4135c8c\" data-element_type=\"container\" data-e-type=\"container\" data-settings=\"{&quot;background_background&quot;:&quot;classic&quot;}\">\n\t\t\t\t\t<div class=\"e-con-inner\">\n\t\t\t\t<div class=\"elementor-element elementor-element-0882285 elementor-widget elementor-widget-shortcode\" data-id=\"0882285\" data-element_type=\"widget\" data-e-type=\"widget\" data-widget_type=\"shortcode.default\">\n\t\t\t\t<div class=\"elementor-widget-container\">\n\t\t\t\t\t\t\t<div class=\"elementor-shortcode\"><div class=\"containerrr\">\n\n\t\t<div id=\"quickbooking\" class=\"main quickbooking\">\n\n\n\t\t\t<form class=\"book-col-form closed\" action=\"\" method=\"post\" name=\"BookOnline\" target=\"_blank\" id=\"BookOnline\">\n\t\t\t\t\n\t\t\t\t<div class=\"book-col-column check-in\" style=\"text-align: left;border-right: 2px solid #000000;\">\n\n\t\t\t\t\t<label for=\"DD1\">Giri\u015f<\/label>\n\t\t\t\t\t<input id=\"arrival\" class=\"datepicker\" name=\"arrival\" value=\"\" type=\"text\" autofocuss style=\"border-top: 0px solid #d2d2d2;border-left: 0px solid #d2d2d2;border-bottom: 0px solid #d2d2d2;border-right: 0px;border-top-right-radius: 0;border-bottom-right-radius: 0;\">\n\t\t\t\t\t\n\t\t\t\t<\/div>\n\t\t\t\t\n\t\t\t\t<div class=\"book-col-column check-in\" style=\"text-align: left;border-right: 2px solid #000000;\">\n\n\t\t\t\t\t<label for=\"DD2\">\u00c7\u0131k\u0131\u015f yapmak<\/label>\n\t\t\t\t\t<input id=\"departure\" class=\"datepicker\" name=\"departure\" value=\"\" type=\"text\" autofocuss style=\"border-top: 0px solid #d2d2d2;border-right: 0px solid #d2d2d2;border-bottom: 0px solid #d2d2d2;border-left: 0px;border-top-left-radius: 0;border-bottom-left-radius: 0;\">\n\t\t\t\t\n\t\t\t\t\t\n\t\t\t\t<\/div>\n\t\t\t\t\n\t\t\t\t\n<!-- \t\t\t\t<div class=\"book-col-column promocode\" style=\"text-align: left;border-right: 2px solid #000000;\">\n\n\t\t\t\t\t<label for=\"promocode\"><\/label>\n\t\t\t\t\t<input id=\"promocode\" class=\"promocode\" name=\"promo\" value=\"\" type=\"text\" autofocuss style=\"border-top: 0px solid #d2d2d2;border-right: 0px solid #d2d2d2;border-bottom: 0px solid #d2d2d2;border-left: 0px;border-top-left-radius: 0;border-bottom-left-radius: 0;\">\n\t\t\t\t\n\t\t\t\t\t\n\t\t\t\t<\/div> -->\n\t\t\t\t\n\t\t\t\t <div class=\"book-col-column rooms\" style=\"text-align: left;border-right: 2px solid #000000;\">\n\t\t\t\t\t<label for=\"rooms\">Oda<\/label>\n\t\t\t\t\t<select id=\"rooms\" name=\"rooms\" style=\"text-align: left;border: 0px solid #d2d2d2;text-align: left;-webkit-appearance: none;\">\n\t\t\t\t\t\t<option value=\"1\">1<\/option>\n\t\t\t\t\t\t<option value=\"2\">2<\/option>\n\t\t\t\t\t\t<option value=\"3\">3<\/option>\n\t\t\t\t\t\t<option value=\"4\">4<\/option>\n\t\t\t\t\t<\/select>\n\t\t\t\t<\/div>\n\n\n\t\t\t\t<div class=\"book-col-column adults\" style=\"text-align: left;border-right: 2px solid #000000;\">\n\t\t\t\t\t<label for=\"adults\">Yeti\u015fkinler<\/label>\n\t\t\t\t\t<select id=\"adults\" name=\"adults\" style=\"text-align: left;-webkit-appearance: none;border-top: 0px solid #d2d2d2;border-left: 0px; border-right: 0px solid #d2d2d2;\">\n\t\t\t\t\t\t<option value=\"1\">1 <\/option>\n\t\t\t\t\t\t<option value=\"2\" selected=\"selected\">2<\/option>\n\t\t\t\t\t\t<option value=\"3\">3<\/option>\n\t\t\t\t\t\t<option value=\"4\">4<\/option>\n\t\t\t\t\t\t<option value=\"5\">5<\/option>\n\t\t\t\t\t<\/select>\n\t\t\t\t\t\n\t\t\t\t\t\n\t\t\t\t<\/div>\n\t\t\t\t\n\t\t\t\t<div class=\"book-col-column kids\" style=\"text-align: left;\">\n\t\t\t\t\t<label for=\"kids\">\u00c7ocuk<\/label>\n\t\t\t\t<select id=\"kids\" name=\"kids\" style=\"text-align: left;-webkit-appearance: none;border-top: 0px solid #d2d2d2;border-left: 0px; border-right: 0px; solid #d2d2d2;\">\n\t\t\t\t\t\t<option value=\"0\">0 \u00c7ocuk<\/option>\n\t\t\t\t\t\t<option value=\"1\">1 \u00c7ocuk<\/option>\n\t\t\t\t\t\t<option value=\"2\">2 \u00c7ocuklar<\/option>\n\t\t\t\t\t\t<option value=\"3\">3 \u00c7ocuklar<\/option>\n\t\t\t\t\t\t<option value=\"4\">4 \u00c7ocuklar<\/option>\n\t\t\t\t\t<\/select>\n\t\t\t\t<\/div>\n\t\t\t\t\n\n               \n\t\t\t\t<div class=\"book-col-column book-now\">\n\t\t\t\t\t<div class=\"book-col-submit-wrap\">\n\t\t\t\t\t\t<input class=\"book-col-submit\" type=\"submit\" value=\"\u015eimdi Rezervasyon Yap\u0131n\" \/>\n\n\t\t\t\t\t<\/div>\n\n\t\t\t\t\t<div id=\"container\"><\/div>\n\t\t\t\t\t<input type=\"hidden\" name=\"Page\" value=\"19\">\n\t\t\t\t\t<input type=\"hidden\" name=\"lan_id\" value=\"tr-TR\">\n\t\t\t\t\t<input type=\"hidden\" name=\"kid1\" value=\"-1\">\n\t\t\t\t\t<input type=\"hidden\" name=\"kid2\" value=\"1\">\n\t\t\t\t\t<input type=\"hidden\" name=\"kid3\" value=\"-1\">\n\t\t\t\t\t<input type=\"hidden\" name=\"extra\" value=\"0\">\n\t\t\t\t\t<input type=\"hidden\" name=\"cot\" value=\"0\">\n\t\t\t\t\t<input type=\"hidden\" name=\"src\" value=\"\">\n\n\t\t\t\t<\/div>\n\t\t\t<\/form>\n\t\t<\/div>\n\t<\/div>\n<\/div>\n\t\t\t\t\t\t<\/div>\n\t\t\t\t<\/div>\n\t\t\t\t\t<\/div>\n\t\t\t\t<\/div>\n\t\t<div class=\"elementor-element elementor-element-b813245 e-flex e-con-boxed e-con e-parent\" data-id=\"b813245\" data-element_type=\"container\" data-e-type=\"container\" id=\"al-haram\" data-settings=\"{&quot;background_background&quot;:&quot;slideshow&quot;,&quot;background_slideshow_gallery&quot;:[],&quot;background_slideshow_loop&quot;:&quot;yes&quot;,&quot;background_slideshow_slide_duration&quot;:5000,&quot;background_slideshow_slide_transition&quot;:&quot;fade&quot;,&quot;background_slideshow_transition_duration&quot;:500}\">\n\t\t\t\t\t<div class=\"e-con-inner\">\n\t\t<div class=\"elementor-element elementor-element-dc12f9b e-con-full e-flex e-con e-child\" data-id=\"dc12f9b\" data-element_type=\"container\" data-e-type=\"container\" data-settings=\"{&quot;background_background&quot;:&quot;slideshow&quot;,&quot;background_slideshow_gallery&quot;:[],&quot;background_slideshow_loop&quot;:&quot;yes&quot;,&quot;background_slideshow_slide_duration&quot;:5000,&quot;background_slideshow_slide_transition&quot;:&quot;fade&quot;,&quot;background_slideshow_transition_duration&quot;:500}\">\n\t\t\t\t<div class=\"elementor-element elementor-element-2b6b90b animated-fast elementor-invisible elementor-widget elementor-widget-image\" data-id=\"2b6b90b\" data-element_type=\"widget\" data-e-type=\"widget\" data-settings=\"{&quot;_animation&quot;:&quot;slideInRight&quot;,&quot;_animation_delay&quot;:200}\" data-widget_type=\"image.default\">\n\t\t\t\t<div class=\"elementor-widget-container\">\n\t\t\t\t\t\t\t\t\t\t\t\t\t\t\t<img decoding=\"async\" src=\"https:\/\/alkiswah-towers.com\/wp-content\/uploads\/elementor\/thumbs\/Makkah-SPA2-_1__1-ql1ijywhlhnzkhsnys25bnrg1fx5zghbss3x9lgej8.webp\" title=\"Makkah-SPA2-_1__1\" alt=\"Makkah-SPA2-_1__1\" loading=\"lazy\" \/>\t\t\t\t\t\t\t\t\t\t\t\t\t\t\t<\/div>\n\t\t\t\t<\/div>\n\t\t\t\t<\/div>\n\t\t<div class=\"elementor-element elementor-element-4c93d5c e-con-full e-flex e-con e-child\" data-id=\"4c93d5c\" data-element_type=\"container\" data-e-type=\"container\">\n\t\t\t\t<div class=\"elementor-element elementor-element-7492d49 animated-fast elementor-invisible elementor-widget elementor-widget-heading\" data-id=\"7492d49\" data-element_type=\"widget\" data-e-type=\"widget\" data-settings=\"{&quot;_animation&quot;:&quot;zoomIn&quot;,&quot;_animation_delay&quot;:200}\" data-widget_type=\"heading.default\">\n\t\t\t\t<div class=\"elementor-widget-container\">\n\t\t\t\t\t<h2 class=\"elementor-heading-title elementor-size-default\">El Haram<\/h2>\t\t\t\t<\/div>\n\t\t\t\t<\/div>\n\t\t\t\t<div class=\"elementor-element elementor-element-e58404c animated-fast elementor-widget__width-initial elementor-invisible elementor-widget elementor-widget-text-editor\" data-id=\"e58404c\" data-element_type=\"widget\" data-e-type=\"widget\" data-settings=\"{&quot;_animation&quot;:&quot;slideInRight&quot;,&quot;_animation_delay&quot;:200}\" data-widget_type=\"text-editor.default\">\n\t\t\t\t<div class=\"elementor-widget-container\">\n\t\t\t\t\t\t\t\t\t<p>Mekke \u015fehrinin kalbinde yer alan Al Haram, \u0130slam inanc\u0131na g\u00f6re insanlar\u0131n yery\u00fcz\u00fcnde Tanr\u0131&#8217;ya ibadet etmeleri i\u00e7in yerle\u015ftirilen ilk evdir ve buras\u0131 M\u00fcsl\u00fcmanlar i\u00e7in yery\u00fcz\u00fcndeki en b\u00fcy\u00fck ve en kutsal noktad\u0131r ve Al Kiswah Towers Hotel&#8217;den \u00fccretsiz Servis otob\u00fcs\u00fcm\u00fczle 900 metre veya 02 dakika uzakl\u0131ktad\u0131r.<\/p>\n\t\t\t\t\t\t\t\t<\/div>\n\t\t\t\t<\/div>\n\t\t\t\t<\/div>\n\t\t\t\t\t<\/div>\n\t\t\t\t<\/div>\n\t\t<div class=\"elementor-element elementor-element-6f333a1 e-flex e-con-boxed e-con e-parent\" data-id=\"6f333a1\" data-element_type=\"container\" data-e-type=\"container\" id=\"haramain\">\n\t\t\t\t\t<div class=\"e-con-inner\">\n\t\t<div class=\"elementor-element elementor-element-eca4180 e-con-full e-flex e-con e-child\" data-id=\"eca4180\" data-element_type=\"container\" data-e-type=\"container\">\n\t\t\t\t<div class=\"elementor-element elementor-element-2c99c15 animated-fast elementor-widget__width-initial elementor-invisible elementor-widget elementor-widget-heading\" data-id=\"2c99c15\" data-element_type=\"widget\" data-e-type=\"widget\" data-settings=\"{&quot;_animation&quot;:&quot;zoomIn&quot;,&quot;_animation_delay&quot;:200}\" data-widget_type=\"heading.default\">\n\t\t\t\t<div class=\"elementor-widget-container\">\n\t\t\t\t\t<h2 class=\"elementor-heading-title elementor-size-default\">Haramain Tren \u0130stasyonu<\/h2>\t\t\t\t<\/div>\n\t\t\t\t<\/div>\n\t\t\t\t<div class=\"elementor-element elementor-element-f00a2d4 animated-fast elementor-widget__width-inherit elementor-invisible elementor-widget elementor-widget-text-editor\" data-id=\"f00a2d4\" data-element_type=\"widget\" data-e-type=\"widget\" data-settings=\"{&quot;_animation&quot;:&quot;slideInRight&quot;,&quot;_animation_delay&quot;:200}\" data-widget_type=\"text-editor.default\">\n\t\t\t\t<div class=\"elementor-widget-container\">\n\t\t\t\t\t\t\t\t\t<p>Haramain Y\u00fcksek H\u0131zl\u0131 Demiryolu (HHR), iste\u011fe ba\u011fl\u0131 olarak 300 km\/saat h\u0131za ula\u015fabilen elektrikli bir demiryolu hatt\u0131 olup, Kutsal \u015eehirler Mekke ve Medine aras\u0131nda seyahat etmek isteyen yolcular\u0131 KAEC, Cidde ve Cidde Havaalan\u0131na ba\u011flamay\u0131 ama\u00e7lamaktad\u0131r. H\u0131zl\u0131, konforlu, g\u00fcvenilir ve emniyetli bir ula\u015f\u0131m arac\u0131 olan HHR trenleri, Al Kiswah Towers Hotel&#8217;e sadece 4,3 km uzakl\u0131kta veya arabayla 13 dakika mesafededir.<\/p>\n\t\t\t\t\t\t\t\t<\/div>\n\t\t\t\t<\/div>\n\t\t\t\t<\/div>\n\t\t<div class=\"elementor-element elementor-element-36353d5 e-con-full e-flex e-con e-child\" data-id=\"36353d5\" data-element_type=\"container\" data-e-type=\"container\" data-settings=\"{&quot;background_background&quot;:&quot;slideshow&quot;,&quot;background_slideshow_gallery&quot;:[],&quot;background_slideshow_loop&quot;:&quot;yes&quot;,&quot;background_slideshow_slide_duration&quot;:5000,&quot;background_slideshow_slide_transition&quot;:&quot;fade&quot;,&quot;background_slideshow_transition_duration&quot;:500}\">\n\t\t\t\t<div class=\"elementor-element elementor-element-1d99e9a animated-fast elementor-invisible elementor-widget elementor-widget-image\" data-id=\"1d99e9a\" data-element_type=\"widget\" data-e-type=\"widget\" data-settings=\"{&quot;_animation&quot;:&quot;slideInRight&quot;,&quot;_animation_delay&quot;:200}\" data-widget_type=\"image.default\">\n\t\t\t\t<div class=\"elementor-widget-container\">\n\t\t\t\t\t\t\t\t\t\t\t\t\t\t\t<img decoding=\"async\" src=\"https:\/\/alkiswah-towers.com\/wp-content\/uploads\/elementor\/thumbs\/mecca2_orig_2-ql1ik2nuctt4uxn7ctonlmtaezemu8w95apv6patuc.webp\" title=\"mecca2_orig_2\" alt=\"mecca2_orig_2\" loading=\"lazy\" \/>\t\t\t\t\t\t\t\t\t\t\t\t\t\t\t<\/div>\n\t\t\t\t<\/div>\n\t\t\t\t<\/div>\n\t\t\t\t\t<\/div>\n\t\t\t\t<\/div>\n\t\t<div class=\"elementor-element elementor-element-d124c41 e-flex e-con-boxed e-con e-parent\" data-id=\"d124c41\" data-element_type=\"container\" data-e-type=\"container\" id=\"mecca-museum\">\n\t\t\t\t\t<div class=\"e-con-inner\">\n\t\t<div class=\"elementor-element elementor-element-cfa8f84 e-con-full e-flex e-con e-child\" data-id=\"cfa8f84\" data-element_type=\"container\" data-e-type=\"container\" data-settings=\"{&quot;background_background&quot;:&quot;slideshow&quot;,&quot;background_slideshow_gallery&quot;:[],&quot;background_slideshow_loop&quot;:&quot;yes&quot;,&quot;background_slideshow_slide_duration&quot;:5000,&quot;background_slideshow_slide_transition&quot;:&quot;fade&quot;,&quot;background_slideshow_transition_duration&quot;:500}\">\n\t\t\t\t<div class=\"elementor-element elementor-element-d3d1181 animated-fast elementor-invisible elementor-widget elementor-widget-image\" data-id=\"d3d1181\" data-element_type=\"widget\" data-e-type=\"widget\" data-settings=\"{&quot;_animation&quot;:&quot;slideInRight&quot;,&quot;_animation_delay&quot;:200}\" data-widget_type=\"image.default\">\n\t\t\t\t<div class=\"elementor-widget-container\">\n\t\t\t\t\t\t\t\t\t\t\t\t\t\t\t<img decoding=\"async\" src=\"https:\/\/alkiswah-towers.com\/wp-content\/uploads\/elementor\/thumbs\/2-1651062321-ql1ika6jvi3fftca4wxo5kwz62dkjtq3ubxr0wzogk.webp\" title=\"2-1651062321\" alt=\"2-1651062321\" loading=\"lazy\" \/>\t\t\t\t\t\t\t\t\t\t\t\t\t\t\t<\/div>\n\t\t\t\t<\/div>\n\t\t\t\t<\/div>\n\t\t<div class=\"elementor-element elementor-element-74cd991 e-con-full e-flex e-con e-child\" data-id=\"74cd991\" data-element_type=\"container\" data-e-type=\"container\">\n\t\t\t\t<div class=\"elementor-element elementor-element-8abb799 animated-fast elementor-invisible elementor-widget elementor-widget-heading\" data-id=\"8abb799\" data-element_type=\"widget\" data-e-type=\"widget\" data-settings=\"{&quot;_animation&quot;:&quot;zoomIn&quot;,&quot;_animation_delay&quot;:200}\" data-widget_type=\"heading.default\">\n\t\t\t\t<div class=\"elementor-widget-container\">\n\t\t\t\t\t<h2 class=\"elementor-heading-title elementor-size-default\">Mekke M\u00fczesi<\/h2>\t\t\t\t<\/div>\n\t\t\t\t<\/div>\n\t\t\t\t<div class=\"elementor-element elementor-element-27f4888 animated-fast elementor-widget__width-initial elementor-invisible elementor-widget elementor-widget-text-editor\" data-id=\"27f4888\" data-element_type=\"widget\" data-e-type=\"widget\" data-settings=\"{&quot;_animation&quot;:&quot;slideInRight&quot;,&quot;_animation_delay&quot;:200}\" data-widget_type=\"text-editor.default\">\n\t\t\t\t<div class=\"elementor-widget-container\">\n\t\t\t\t\t\t\t\t\t<p>Mekke&#8217;deki Saray M\u00fczesi, Mekke&#8217;nin tarihini ve b\u00f6lgedeki \u0130slam tarihinin farkl\u0131 d\u00f6nemlerine ait \u00e7e\u015fitli arkeolojik koleksiyonlar\u0131 sergileyen tarihi bir m\u00fcze olup, iki katl\u0131 ve etraf\u0131ndaki bah\u00e7eleri kapsayan 2700 m2&#8217;lik bir alanda in\u015fa edilmi\u015ftir. Al Kiswah Towers Hotel&#8217;e sadece 2,5 km veya 05 dakikal\u0131k s\u00fcr\u00fc\u015f mesafesinde yer almaktad\u0131r.<\/p>\n\t\t\t\t\t\t\t\t<\/div>\n\t\t\t\t<\/div>\n\t\t\t\t<\/div>\n\t\t\t\t\t<\/div>\n\t\t\t\t<\/div>\n\t\t\t\t<\/div>\n\t\t","protected":false},"excerpt":{"rendered":"<p>Destinasyonlar\u0131 Ke\u015ffedin El Haram Mekke \u015fehrinin kalbinde yer alan Al Haram, \u0130slam inanc\u0131na g\u00f6re insanlar\u0131n yery\u00fcz\u00fcnde Tanr\u0131&#8217;ya ibadet etmeleri i\u00e7in yerle\u015ftirilen ilk evdir ve buras\u0131 M\u00fcsl\u00fcmanlar i\u00e7in yery\u00fcz\u00fcndeki en b\u00fcy\u00fck ve en kutsal noktad\u0131r ve Al Kiswah Towers Hotel&#8217;den \u00fccretsiz Servis otob\u00fcs\u00fcm\u00fczle 900 metre veya 02 dakika uzakl\u0131ktad\u0131r. Haramain Tren \u0130stasyonu Haramain Y\u00fcksek H\u0131zl\u0131 Demiryolu [&hellip;]<\/p>\n","protected":false},"author":1,"featured_media":0,"parent":0,"menu_order":0,"comment_status":"closed","ping_status":"closed","template":"elementor_header_footer","meta":{"footnotes":""},"class_list":["post-11006","page","type-page","status-publish","hentry"],"aioseo_notices":[],"_links":{"self":[{"href":"https:\/\/alkiswah-towers.com\/tr\/wp-json\/wp\/v2\/pages\/11006","targetHints":{"allow":["GET"]}}],"collection":[{"href":"https:\/\/alkiswah-towers.com\/tr\/wp-json\/wp\/v2\/pages"}],"about":[{"href":"https:\/\/alkiswah-towers.com\/tr\/wp-json\/wp\/v2\/types\/page"}],"author":[{"embeddable":true,"href":"https:\/\/alkiswah-towers.com\/tr\/wp-json\/wp\/v2\/users\/1"}],"replies":[{"embeddable":true,"href":"https:\/\/alkiswah-towers.com\/tr\/wp-json\/wp\/v2\/comments?post=11006"}],"version-history":[{"count":20,"href":"https:\/\/alkiswah-towers.com\/tr\/wp-json\/wp\/v2\/pages\/11006\/revisions"}],"predecessor-version":[{"id":13324,"href":"https:\/\/alkiswah-towers.com\/tr\/wp-json\/wp\/v2\/pages\/11006\/revisions\/13324"}],"wp:attachment":[{"href":"https:\/\/alkiswah-towers.com\/tr\/wp-json\/wp\/v2\/media?parent=11006"}],"curies":[{"name":"wp","href":"https:\/\/api.w.org\/{rel}","templated":true}]}}