{"id":5710,"date":"2024-01-22T10:14:24","date_gmt":"2024-01-22T10:14:24","guid":{"rendered":"https:\/\/alkiswah-towers.com\/contact\/"},"modified":"2024-08-22T09:08:13","modified_gmt":"2024-08-22T09:08:13","slug":"contact","status":"publish","type":"page","link":"https:\/\/alkiswah-towers.com\/fr\/contact\/","title":{"rendered":"Contact"},"content":{"rendered":"\t\t<div data-elementor-type=\"wp-page\" data-elementor-id=\"5710\" class=\"elementor elementor-5710 elementor-23\">\n\t\t\t\t<div class=\"elementor-element elementor-element-aa4108e e-con-full e-flex e-con e-parent\" data-id=\"aa4108e\" data-element_type=\"container\" data-e-type=\"container\" data-settings=\"{&quot;background_background&quot;:&quot;slideshow&quot;,&quot;background_slideshow_gallery&quot;:[{&quot;id&quot;:2332,&quot;url&quot;:&quot;https:\\\/\\\/alkiswah-towers.com\\\/wp-content\\\/uploads\\\/2024\\\/02\\\/WTA_8093.webp&quot;}],&quot;background_slideshow_loop&quot;:&quot;yes&quot;,&quot;background_slideshow_slide_duration&quot;:5000,&quot;background_slideshow_slide_transition&quot;:&quot;fade&quot;,&quot;background_slideshow_transition_duration&quot;:500}\">\n\t\t\t\t<div class=\"elementor-element elementor-element-4cb7e87 animated-fast elementor-widget__width-initial elementor-invisible elementor-widget elementor-widget-heading\" data-id=\"4cb7e87\" data-element_type=\"widget\" data-e-type=\"widget\" data-settings=\"{&quot;_animation&quot;:&quot;zoomIn&quot;,&quot;_animation_delay&quot;:200}\" data-widget_type=\"heading.default\">\n\t\t\t\t<div class=\"elementor-widget-container\">\n\t\t\t\t\t<h2 class=\"elementor-heading-title elementor-size-default\">Nous contacter<\/h2>\t\t\t\t<\/div>\n\t\t\t\t<\/div>\n\t\t\t\t<\/div>\n\t\t<div class=\"elementor-element elementor-element-66eb0ad elementor-hidden-tablet elementor-hidden-mobile e-flex e-con-boxed e-con e-parent\" data-id=\"66eb0ad\" data-element_type=\"container\" data-e-type=\"container\" data-settings=\"{&quot;background_background&quot;:&quot;classic&quot;}\">\n\t\t\t\t\t<div class=\"e-con-inner\">\n\t\t\t\t<div class=\"elementor-element elementor-element-6508d8e elementor-widget elementor-widget-shortcode\" data-id=\"6508d8e\" data-element_type=\"widget\" data-e-type=\"widget\" data-widget_type=\"shortcode.default\">\n\t\t\t\t<div class=\"elementor-widget-container\">\n\t\t\t\t\t\t\t<div class=\"elementor-shortcode\"><div class=\"containerrr\">\n\n\t\t<div id=\"quickbooking\" class=\"main quickbooking\">\n\n\n\t\t\t<form class=\"book-col-form closed\" action=\"\" method=\"post\" name=\"BookOnline\" target=\"_blank\" id=\"BookOnline\">\n\t\t\t\t\n\t\t\t\t<div class=\"book-col-column check-in\" style=\"text-align: left;border-right: 2px solid #000000;\">\n\n\t\t\t\t\t<label for=\"DD1\">Enregistrement<\/label>\n\t\t\t\t\t<input id=\"arrival\" class=\"datepicker\" name=\"arrival\" value=\"\" type=\"text\" autofocuss style=\"border-top: 0px solid #d2d2d2;border-left: 0px solid #d2d2d2;border-bottom: 0px solid #d2d2d2;border-right: 0px;border-top-right-radius: 0;border-bottom-right-radius: 0;\">\n\t\t\t\t\t\n\t\t\t\t<\/div>\n\t\t\t\t\n\t\t\t\t<div class=\"book-col-column check-in\" style=\"text-align: left;border-right: 2px solid #000000;\">\n\n\t\t\t\t\t<label for=\"DD2\">V\u00e9rifier<\/label>\n\t\t\t\t\t<input id=\"departure\" class=\"datepicker\" name=\"departure\" value=\"\" type=\"text\" autofocuss style=\"border-top: 0px solid #d2d2d2;border-right: 0px solid #d2d2d2;border-bottom: 0px solid #d2d2d2;border-left: 0px;border-top-left-radius: 0;border-bottom-left-radius: 0;\">\n\t\t\t\t\n\t\t\t\t\t\n\t\t\t\t<\/div>\n\t\t\t\t\n\t\t\t\t\n<!-- \t\t\t\t<div class=\"book-col-column promocode\" style=\"text-align: left;border-right: 2px solid #000000;\">\n\n\t\t\t\t\t<label for=\"promocode\"><\/label>\n\t\t\t\t\t<input id=\"promocode\" class=\"promocode\" name=\"promo\" value=\"\" type=\"text\" autofocuss style=\"border-top: 0px solid #d2d2d2;border-right: 0px solid #d2d2d2;border-bottom: 0px solid #d2d2d2;border-left: 0px;border-top-left-radius: 0;border-bottom-left-radius: 0;\">\n\t\t\t\t\n\t\t\t\t\t\n\t\t\t\t<\/div> -->\n\t\t\t\t\n\t\t\t\t <div class=\"book-col-column rooms\" style=\"text-align: left;border-right: 2px solid #000000;\">\n\t\t\t\t\t<label for=\"rooms\">Chambre<\/label>\n\t\t\t\t\t<select id=\"rooms\" name=\"rooms\" style=\"text-align: left;border: 0px solid #d2d2d2;text-align: left;-webkit-appearance: none;\">\n\t\t\t\t\t\t<option value=\"1\">1<\/option>\n\t\t\t\t\t\t<option value=\"2\">2<\/option>\n\t\t\t\t\t\t<option value=\"3\">3<\/option>\n\t\t\t\t\t\t<option value=\"4\">4<\/option>\n\t\t\t\t\t<\/select>\n\t\t\t\t<\/div>\n\n\n\t\t\t\t<div class=\"book-col-column adults\" style=\"text-align: left;border-right: 2px solid #000000;\">\n\t\t\t\t\t<label for=\"adults\">Adultes<\/label>\n\t\t\t\t\t<select id=\"adults\" name=\"adults\" style=\"text-align: left;-webkit-appearance: none;border-top: 0px solid #d2d2d2;border-left: 0px; border-right: 0px solid #d2d2d2;\">\n\t\t\t\t\t\t<option value=\"1\">1 <\/option>\n\t\t\t\t\t\t<option value=\"2\" selected=\"selected\">2<\/option>\n\t\t\t\t\t\t<option value=\"3\">3<\/option>\n\t\t\t\t\t\t<option value=\"4\">4<\/option>\n\t\t\t\t\t\t<option value=\"5\">5<\/option>\n\t\t\t\t\t<\/select>\n\t\t\t\t\t\n\t\t\t\t\t\n\t\t\t\t<\/div>\n\t\t\t\t\n\t\t\t\t<div class=\"book-col-column kids\" style=\"text-align: left;\">\n\t\t\t\t\t<label for=\"kids\">Enfant<\/label>\n\t\t\t\t<select id=\"kids\" name=\"kids\" style=\"text-align: left;-webkit-appearance: none;border-top: 0px solid #d2d2d2;border-left: 0px; border-right: 0px; solid #d2d2d2;\">\n\t\t\t\t\t\t<option value=\"0\">0 Enfant<\/option>\n\t\t\t\t\t\t<option value=\"1\">1 Enfant<\/option>\n\t\t\t\t\t\t<option value=\"2\">2 Enfants<\/option>\n\t\t\t\t\t\t<option value=\"3\">3 Enfants<\/option>\n\t\t\t\t\t\t<option value=\"4\">4 Enfants<\/option>\n\t\t\t\t\t<\/select>\n\t\t\t\t<\/div>\n\t\t\t\t\n\n               \n\t\t\t\t<div class=\"book-col-column book-now\">\n\t\t\t\t\t<div class=\"book-col-submit-wrap\">\n\t\t\t\t\t\t<input class=\"book-col-submit\" type=\"submit\" value=\"R\u00e9server\" \/>\n\n\t\t\t\t\t<\/div>\n\n\t\t\t\t\t<div id=\"container\"><\/div>\n\t\t\t\t\t<input type=\"hidden\" name=\"Page\" value=\"19\">\n\t\t\t\t\t<input type=\"hidden\" name=\"lan_id\" value=\"fr-FR\">\n\t\t\t\t\t<input type=\"hidden\" name=\"kid1\" value=\"-1\">\n\t\t\t\t\t<input type=\"hidden\" name=\"kid2\" value=\"1\">\n\t\t\t\t\t<input type=\"hidden\" name=\"kid3\" value=\"-1\">\n\t\t\t\t\t<input type=\"hidden\" name=\"extra\" value=\"0\">\n\t\t\t\t\t<input type=\"hidden\" name=\"cot\" value=\"0\">\n\t\t\t\t\t<input type=\"hidden\" name=\"src\" value=\"\">\n\n\t\t\t\t<\/div>\n\t\t\t<\/form>\n\t\t<\/div>\n\t<\/div>\n<\/div>\n\t\t\t\t\t\t<\/div>\n\t\t\t\t<\/div>\n\t\t\t\t\t<\/div>\n\t\t\t\t<\/div>\n\t\t<div class=\"elementor-element elementor-element-df5e014 e-con-full elementor-hidden-desktop elementor-hidden-tablet elementor-hidden-mobile e-flex e-con e-parent\" data-id=\"df5e014\" data-element_type=\"container\" data-e-type=\"container\">\n\t\t<div class=\"elementor-element elementor-element-b3530ab e-con-full e-flex e-con e-child\" data-id=\"b3530ab\" data-element_type=\"container\" data-e-type=\"container\">\n\t\t\t\t<div class=\"elementor-element elementor-element-20141a9 elementor-widget elementor-widget-heading\" data-id=\"20141a9\" data-element_type=\"widget\" data-e-type=\"widget\" data-widget_type=\"heading.default\">\n\t\t\t\t<div class=\"elementor-widget-container\">\n\t\t\t\t\t<h2 class=\"elementor-heading-title elementor-size-default\"><a href=\"https:\/\/alkiswah-towers.com\/fr\/\">Maison<\/a><\/h2>\t\t\t\t<\/div>\n\t\t\t\t<\/div>\n\t\t\t\t<\/div>\n\t\t<div class=\"elementor-element elementor-element-ecc0c0f e-con-full e-flex e-con e-child\" data-id=\"ecc0c0f\" data-element_type=\"container\" data-e-type=\"container\">\n\t\t\t\t<div class=\"elementor-element elementor-element-0b1fd78 elementor-widget elementor-widget-heading\" data-id=\"0b1fd78\" data-element_type=\"widget\" data-e-type=\"widget\" data-widget_type=\"heading.default\">\n\t\t\t\t<div class=\"elementor-widget-container\">\n\t\t\t\t\t<h2 class=\"elementor-heading-title elementor-size-default\"><a href=\"https:\/\/alkiswah-towers.com\/fr\/\">|<\/a><\/h2>\t\t\t\t<\/div>\n\t\t\t\t<\/div>\n\t\t\t\t<\/div>\n\t\t<div class=\"elementor-element elementor-element-0bb74bd e-con-full e-flex e-con e-child\" data-id=\"0bb74bd\" data-element_type=\"container\" data-e-type=\"container\">\n\t\t\t\t<div class=\"elementor-element elementor-element-ff00b1f elementor-widget elementor-widget-heading\" data-id=\"ff00b1f\" data-element_type=\"widget\" data-e-type=\"widget\" data-widget_type=\"heading.default\">\n\t\t\t\t<div class=\"elementor-widget-container\">\n\t\t\t\t\t<h2 class=\"elementor-heading-title elementor-size-default\"><a href=\"https:\/\/alkiswah-towers.com\/fr\/a-propos-de-nous\/\">Nous contacter<\/a><\/h2>\t\t\t\t<\/div>\n\t\t\t\t<\/div>\n\t\t\t\t<\/div>\n\t\t\t\t<\/div>\n\t\t<div class=\"elementor-element elementor-element-77c8557 e-con-full e-flex e-con e-parent\" data-id=\"77c8557\" data-element_type=\"container\" data-e-type=\"container\">\n\t\t<div class=\"elementor-element elementor-element-988d4b7 e-con-full e-flex e-con e-child\" data-id=\"988d4b7\" data-element_type=\"container\" data-e-type=\"container\">\n\t\t\t\t<div class=\"elementor-element elementor-element-e5541d2 animated-fast elementor-invisible elementor-widget elementor-widget-heading\" data-id=\"e5541d2\" data-element_type=\"widget\" data-e-type=\"widget\" data-settings=\"{&quot;_animation&quot;:&quot;zoomIn&quot;,&quot;_animation_delay&quot;:200}\" data-widget_type=\"heading.default\">\n\t\t\t\t<div class=\"elementor-widget-container\">\n\t\t\t\t\t<h2 class=\"elementor-heading-title elementor-size-default\">Coordonn\u00e9es<\/h2>\t\t\t\t<\/div>\n\t\t\t\t<\/div>\n\t\t\t\t<div class=\"elementor-element elementor-element-509ee70 elementor-mobile-align-center elementor-icon-list--layout-traditional elementor-list-item-link-full_width elementor-widget elementor-widget-icon-list\" data-id=\"509ee70\" data-element_type=\"widget\" data-e-type=\"widget\" data-widget_type=\"icon-list.default\">\n\t\t\t\t<div class=\"elementor-widget-container\">\n\t\t\t\t\t\t\t<ul class=\"elementor-icon-list-items\">\n\t\t\t\t\t\t\t<li class=\"elementor-icon-list-item\">\n\t\t\t\t\t\t\t\t\t\t\t<a href=\"tel:966125782800\">\n\n\t\t\t\t\t\t\t\t\t\t\t\t<span class=\"elementor-icon-list-icon\">\n\t\t\t\t\t\t\t<svg aria-hidden=\"true\" class=\"e-font-icon-svg e-fas-phone-alt\" viewBox=\"0 0 512 512\" xmlns=\"http:\/\/www.w3.org\/2000\/svg\"><path d=\"M497.39 361.8l-112-48a24 24 0 0 0-28 6.9l-49.6 60.6A370.66 370.66 0 0 1 130.6 204.11l60.6-49.6a23.94 23.94 0 0 0 6.9-28l-48-112A24.16 24.16 0 0 0 122.6.61l-104 24A24 24 0 0 0 0 48c0 256.5 207.9 464 464 464a24 24 0 0 0 23.4-18.6l24-104a24.29 24.29 0 0 0-14.01-27.6z\"><\/path><\/svg>\t\t\t\t\t\t<\/span>\n\t\t\t\t\t\t\t\t\t\t<span class=\"elementor-icon-list-text\">+966125782800<\/span>\n\t\t\t\t\t\t\t\t\t\t\t<\/a>\n\t\t\t\t\t\t\t\t\t<\/li>\n\t\t\t\t\t\t\t\t<li class=\"elementor-icon-list-item\">\n\t\t\t\t\t\t\t\t\t\t\t<a href=\"mailto:alkiswah.sales@ihg.com\">\n\n\t\t\t\t\t\t\t\t\t\t\t\t<span class=\"elementor-icon-list-icon\">\n\t\t\t\t\t\t\t<svg aria-hidden=\"true\" class=\"e-font-icon-svg e-far-envelope\" viewBox=\"0 0 512 512\" xmlns=\"http:\/\/www.w3.org\/2000\/svg\"><path d=\"M464 64H48C21.49 64 0 85.49 0 112v288c0 26.51 21.49 48 48 48h416c26.51 0 48-21.49 48-48V112c0-26.51-21.49-48-48-48zm0 48v40.805c-22.422 18.259-58.168 46.651-134.587 106.49-16.841 13.247-50.201 45.072-73.413 44.701-23.208.375-56.579-31.459-73.413-44.701C106.18 199.465 70.425 171.067 48 152.805V112h416zM48 400V214.398c22.914 18.251 55.409 43.862 104.938 82.646 21.857 17.205 60.134 55.186 103.062 54.955 42.717.231 80.509-37.199 103.053-54.947 49.528-38.783 82.032-64.401 104.947-82.653V400H48z\"><\/path><\/svg>\t\t\t\t\t\t<\/span>\n\t\t\t\t\t\t\t\t\t\t<span class=\"elementor-icon-list-text\">alkiswah.sales@ihg.com<\/span>\n\t\t\t\t\t\t\t\t\t\t\t<\/a>\n\t\t\t\t\t\t\t\t\t<\/li>\n\t\t\t\t\t\t<\/ul>\n\t\t\t\t\t\t<\/div>\n\t\t\t\t<\/div>\n\t\t\t\t<div class=\"elementor-element elementor-element-f6b4e88 animated-fast elementor-invisible elementor-widget elementor-widget-heading\" data-id=\"f6b4e88\" data-element_type=\"widget\" data-e-type=\"widget\" data-settings=\"{&quot;_animation&quot;:&quot;zoomIn&quot;,&quot;_animation_delay&quot;:200}\" data-widget_type=\"heading.default\">\n\t\t\t\t<div class=\"elementor-widget-container\">\n\t\t\t\t\t<h2 class=\"elementor-heading-title elementor-size-default\">Emplacement<\/h2>\t\t\t\t<\/div>\n\t\t\t\t<\/div>\n\t\t\t\t<div class=\"elementor-element elementor-element-cbf91f7 elementor-mobile-align-center elementor-icon-list--layout-traditional elementor-list-item-link-full_width elementor-widget elementor-widget-icon-list\" data-id=\"cbf91f7\" data-element_type=\"widget\" data-e-type=\"widget\" data-widget_type=\"icon-list.default\">\n\t\t\t\t<div class=\"elementor-widget-container\">\n\t\t\t\t\t\t\t<ul class=\"elementor-icon-list-items\">\n\t\t\t\t\t\t\t<li class=\"elementor-icon-list-item\">\n\t\t\t\t\t\t\t\t\t\t\t<span class=\"elementor-icon-list-icon\">\n\t\t\t\t\t\t\t<svg aria-hidden=\"true\" class=\"e-font-icon-svg e-fas-map-marker-alt\" viewBox=\"0 0 384 512\" xmlns=\"http:\/\/www.w3.org\/2000\/svg\"><path d=\"M172.268 501.67C26.97 291.031 0 269.413 0 192 0 85.961 85.961 0 192 0s192 85.961 192 192c0 77.413-26.97 99.031-172.268 309.67-9.535 13.774-29.93 13.773-39.464 0zM192 272c44.183 0 80-35.817 80-80s-35.817-80-80-80-80 35.817-80 80 35.817 80 80 80z\"><\/path><\/svg>\t\t\t\t\t\t<\/span>\n\t\t\t\t\t\t\t\t\t\t<span class=\"elementor-icon-list-text\">  Tayseer Distrit, 24231 Makkah, Arabie Saoudite<\/span>\n\t\t\t\t\t\t\t\t\t<\/li>\n\t\t\t\t\t\t<\/ul>\n\t\t\t\t\t\t<\/div>\n\t\t\t\t<\/div>\n\t\t\t\t<div class=\"elementor-element elementor-element-77ac6c9 animated-fast elementor-invisible elementor-widget elementor-widget-google_maps\" data-id=\"77ac6c9\" data-element_type=\"widget\" data-e-type=\"widget\" data-settings=\"{&quot;_animation&quot;:&quot;slideInLeft&quot;,&quot;_animation_delay&quot;:300}\" data-widget_type=\"google_maps.default\">\n\t\t\t\t<div class=\"elementor-widget-container\">\n\t\t\t\t\t\t\t<div class=\"elementor-custom-embed\">\n\t\t\t<iframe loading=\"lazy\"\n\t\t\t\t\tsrc=\"https:\/\/maps.google.com\/maps?q=Al%20Kiswah%20hotel&#038;t=m&#038;z=10&#038;output=embed&#038;iwloc=near\"\n\t\t\t\t\ttitle=\"Al Kiswah hotel\"\n\t\t\t\t\taria-label=\"Al Kiswah hotel\"\n\t\t\t><\/iframe>\n\t\t<\/div>\n\t\t\t\t\t\t<\/div>\n\t\t\t\t<\/div>\n\t\t\t\t<\/div>\n\t\t<div class=\"elementor-element elementor-element-c25cd37 e-con-full e-flex e-con e-child\" data-id=\"c25cd37\" data-element_type=\"container\" data-e-type=\"container\" id=\"contact-form-fr\">\n\t\t\t\t<div class=\"elementor-element elementor-element-be9a5b3 animated-fast elementor-invisible elementor-widget elementor-widget-heading\" data-id=\"be9a5b3\" data-element_type=\"widget\" data-e-type=\"widget\" data-settings=\"{&quot;_animation&quot;:&quot;zoomIn&quot;,&quot;_animation_delay&quot;:200}\" data-widget_type=\"heading.default\">\n\t\t\t\t<div class=\"elementor-widget-container\">\n\t\t\t\t\t<h2 class=\"elementor-heading-title elementor-size-default\">Suivez-nous<\/h2>\t\t\t\t<\/div>\n\t\t\t\t<\/div>\n\t\t\t\t<div class=\"elementor-element elementor-element-61008ec elementor-shape-circle e-grid-align-left e-grid-align-mobile-center elementor-grid-0 elementor-widget elementor-widget-social-icons\" data-id=\"61008ec\" data-element_type=\"widget\" data-e-type=\"widget\" data-widget_type=\"social-icons.default\">\n\t\t\t\t<div class=\"elementor-widget-container\">\n\t\t\t\t\t\t\t<div class=\"elementor-social-icons-wrapper elementor-grid\" role=\"list\">\n\t\t\t\t\t\t\t<span class=\"elementor-grid-item\" role=\"listitem\">\n\t\t\t\t\t<a class=\"elementor-icon elementor-social-icon elementor-social-icon-instagram elementor-repeater-item-3c1523b\" href=\"https:\/\/www.instagram.com\/alkiswah_towers\" target=\"_blank\">\n\t\t\t\t\t\t<span class=\"elementor-screen-only\">Instagram<\/span>\n\t\t\t\t\t\t<svg aria-hidden=\"true\" class=\"e-font-icon-svg e-fab-instagram\" viewBox=\"0 0 448 512\" xmlns=\"http:\/\/www.w3.org\/2000\/svg\"><path d=\"M224.1 141c-63.6 0-114.9 51.3-114.9 114.9s51.3 114.9 114.9 114.9S339 319.5 339 255.9 287.7 141 224.1 141zm0 189.6c-41.1 0-74.7-33.5-74.7-74.7s33.5-74.7 74.7-74.7 74.7 33.5 74.7 74.7-33.6 74.7-74.7 74.7zm146.4-194.3c0 14.9-12 26.8-26.8 26.8-14.9 0-26.8-12-26.8-26.8s12-26.8 26.8-26.8 26.8 12 26.8 26.8zm76.1 27.2c-1.7-35.9-9.9-67.7-36.2-93.9-26.2-26.2-58-34.4-93.9-36.2-37-2.1-147.9-2.1-184.9 0-35.8 1.7-67.6 9.9-93.9 36.1s-34.4 58-36.2 93.9c-2.1 37-2.1 147.9 0 184.9 1.7 35.9 9.9 67.7 36.2 93.9s58 34.4 93.9 36.2c37 2.1 147.9 2.1 184.9 0 35.9-1.7 67.7-9.9 93.9-36.2 26.2-26.2 34.4-58 36.2-93.9 2.1-37 2.1-147.8 0-184.8zM398.8 388c-7.8 19.6-22.9 34.7-42.6 42.6-29.5 11.7-99.5 9-132.1 9s-102.7 2.6-132.1-9c-19.6-7.8-34.7-22.9-42.6-42.6-11.7-29.5-9-99.5-9-132.1s-2.6-102.7 9-132.1c7.8-19.6 22.9-34.7 42.6-42.6 29.5-11.7 99.5-9 132.1-9s102.7-2.6 132.1 9c19.6 7.8 34.7 22.9 42.6 42.6 11.7 29.5 9 99.5 9 132.1s2.7 102.7-9 132.1z\"><\/path><\/svg>\t\t\t\t\t<\/a>\n\t\t\t\t<\/span>\n\t\t\t\t\t\t\t<span class=\"elementor-grid-item\" role=\"listitem\">\n\t\t\t\t\t<a class=\"elementor-icon elementor-social-icon elementor-social-icon-tiktok elementor-repeater-item-c176293\" href=\"https:\/\/www.tiktok.com\/@alkiswah_towers\" target=\"_blank\">\n\t\t\t\t\t\t<span class=\"elementor-screen-only\">Tiktok<\/span>\n\t\t\t\t\t\t<svg aria-hidden=\"true\" class=\"e-font-icon-svg e-fab-tiktok\" viewBox=\"0 0 448 512\" xmlns=\"http:\/\/www.w3.org\/2000\/svg\"><path d=\"M448,209.91a210.06,210.06,0,0,1-122.77-39.25V349.38A162.55,162.55,0,1,1,185,188.31V278.2a74.62,74.62,0,1,0,52.23,71.18V0l88,0a121.18,121.18,0,0,0,1.86,22.17h0A122.18,122.18,0,0,0,381,102.39a121.43,121.43,0,0,0,67,20.14Z\"><\/path><\/svg>\t\t\t\t\t<\/a>\n\t\t\t\t<\/span>\n\t\t\t\t\t\t\t<span class=\"elementor-grid-item\" role=\"listitem\">\n\t\t\t\t\t<a class=\"elementor-icon elementor-social-icon elementor-social-icon-snapchat-ghost elementor-repeater-item-2aee8c0\" href=\"https:\/\/www.snapchat.com\/add\/alkiswahtowers\" target=\"_blank\">\n\t\t\t\t\t\t<span class=\"elementor-screen-only\">Snapchat-ghost<\/span>\n\t\t\t\t\t\t<svg aria-hidden=\"true\" class=\"e-font-icon-svg e-fab-snapchat-ghost\" viewBox=\"0 0 512 512\" xmlns=\"http:\/\/www.w3.org\/2000\/svg\"><path d=\"M510.846 392.673c-5.211 12.157-27.239 21.089-67.36 27.318-2.064 2.786-3.775 14.686-6.507 23.956-1.625 5.566-5.623 8.869-12.128 8.869l-.297-.005c-9.395 0-19.203-4.323-38.852-4.323-26.521 0-35.662 6.043-56.254 20.588-21.832 15.438-42.771 28.764-74.027 27.399-31.646 2.334-58.025-16.908-72.871-27.404-20.714-14.643-29.828-20.582-56.241-20.582-18.864 0-30.736 4.72-38.852 4.72-8.073 0-11.213-4.922-12.422-9.04-2.703-9.189-4.404-21.263-6.523-24.13-20.679-3.209-67.31-11.344-68.498-32.15a10.627 10.627 0 0 1 8.877-11.069c69.583-11.455 100.924-82.901 102.227-85.934.074-.176.155-.344.237-.515 3.713-7.537 4.544-13.849 2.463-18.753-5.05-11.896-26.872-16.164-36.053-19.796-23.715-9.366-27.015-20.128-25.612-27.504 2.437-12.836 21.725-20.735 33.002-15.453 8.919 4.181 16.843 6.297 23.547 6.297 5.022 0 8.212-1.204 9.96-2.171-2.043-35.936-7.101-87.29 5.687-115.969C158.122 21.304 229.705 15.42 250.826 15.42c.944 0 9.141-.089 10.11-.089 52.148 0 102.254 26.78 126.723 81.643 12.777 28.65 7.749 79.792 5.695 116.009 1.582.872 4.357 1.942 8.599 2.139 6.397-.286 13.815-2.389 22.069-6.257 6.085-2.846 14.406-2.461 20.48.058l.029.01c9.476 3.385 15.439 10.215 15.589 17.87.184 9.747-8.522 18.165-25.878 25.018-2.118.835-4.694 1.655-7.434 2.525-9.797 3.106-24.6 7.805-28.616 17.271-2.079 4.904-1.256 11.211 2.46 18.748.087.168.166.342.239.515 1.301 3.03 32.615 74.46 102.23 85.934 6.427 1.058 11.163 7.877 7.725 15.859z\"><\/path><\/svg>\t\t\t\t\t<\/a>\n\t\t\t\t<\/span>\n\t\t\t\t\t\t\t<span class=\"elementor-grid-item\" role=\"listitem\">\n\t\t\t\t\t<a class=\"elementor-icon elementor-social-icon elementor-social-icon-linkedin-in elementor-repeater-item-97ef3b8\" href=\"https:\/\/sa.linkedin.com\/company\/kiswah-towers\" target=\"_blank\">\n\t\t\t\t\t\t<span class=\"elementor-screen-only\">Linkedin-in<\/span>\n\t\t\t\t\t\t<svg aria-hidden=\"true\" class=\"e-font-icon-svg e-fab-linkedin-in\" viewBox=\"0 0 448 512\" xmlns=\"http:\/\/www.w3.org\/2000\/svg\"><path d=\"M100.28 448H7.4V148.9h92.88zM53.79 108.1C24.09 108.1 0 83.5 0 53.8a53.79 53.79 0 0 1 107.58 0c0 29.7-24.1 54.3-53.79 54.3zM447.9 448h-92.68V302.4c0-34.7-.7-79.2-48.29-79.2-48.29 0-55.69 37.7-55.69 76.7V448h-92.78V148.9h89.08v40.8h1.3c12.4-23.5 42.69-48.3 87.88-48.3 94 0 111.28 61.9 111.28 142.3V448z\"><\/path><\/svg>\t\t\t\t\t<\/a>\n\t\t\t\t<\/span>\n\t\t\t\t\t\t\t<span class=\"elementor-grid-item\" role=\"listitem\">\n\t\t\t\t\t<a class=\"elementor-icon elementor-social-icon elementor-social-icon- elementor-repeater-item-4b82adb\" href=\"https:\/\/twitter.com\/AlKiswah_Towers\" target=\"_blank\">\n\t\t\t\t\t\t<span class=\"elementor-screen-only\"><\/span>\n\t\t\t\t\t\t<svg xmlns=\"http:\/\/www.w3.org\/2000\/svg\" width=\"34\" height=\"34\" viewBox=\"0 0 34 34\"><g id=\"twitter\" transform=\"translate(-213 -83)\"><g id=\"Ellipse_1\" data-name=\"Ellipse 1\" transform=\"translate(213 83)\" stroke=\"#020202\" stroke-width=\"1\"><circle cx=\"17\" cy=\"17\" r=\"17\" stroke=\"none\"><\/circle><circle cx=\"17\" cy=\"17\" r=\"16.5\" fill=\"none\"><\/circle><\/g><path id=\"twitter-b-w\" d=\"M271.167,260.175l6.51-7.483h-1.543l-5.653,6.5-4.515-6.5h-5.207l6.828,9.825-6.828,7.847H262.3l5.97-6.862,4.768,6.862h5.207l-7.081-10.189Zm-8.309-6.335h2.37l10.908,15.428h-2.37Z\" transform=\"translate(-39.759 -161.692)\" fill=\"#fff\"><\/path><\/g><\/svg>\t\t\t\t\t<\/a>\n\t\t\t\t<\/span>\n\t\t\t\t\t<\/div>\n\t\t\t\t\t\t<\/div>\n\t\t\t\t<\/div>\n\t\t\t\t<div class=\"elementor-element elementor-element-ce01644 animated-fast elementor-invisible elementor-widget elementor-widget-heading\" data-id=\"ce01644\" data-element_type=\"widget\" data-e-type=\"widget\" data-settings=\"{&quot;_animation&quot;:&quot;zoomIn&quot;,&quot;_animation_delay&quot;:200}\" data-widget_type=\"heading.default\">\n\t\t\t\t<div class=\"elementor-widget-container\">\n\t\t\t\t\t<h2 class=\"elementor-heading-title elementor-size-default\">Envoyez-nous un message<\/h2>\t\t\t\t<\/div>\n\t\t\t\t<\/div>\n\t\t\t\t<div class=\"elementor-element elementor-element-50a5032 elementor-widget elementor-widget-heading\" data-id=\"50a5032\" data-element_type=\"widget\" data-e-type=\"widget\" data-widget_type=\"heading.default\">\n\t\t\t\t<div class=\"elementor-widget-container\">\n\t\t\t\t\t<h2 class=\"elementor-heading-title elementor-size-default\">Veuillez utiliser le formulaire ci-dessous pour nous contacter.<\/h2>\t\t\t\t<\/div>\n\t\t\t\t<\/div>\n\t\t\t\t<div class=\"elementor-element elementor-element-040c053 contact-f animated-fast eael-contact-form-7-button-align-center eael-contact-form-7-button-align-left eael-contact-form-7-button-custom elementor-invisible elementor-widget elementor-widget-eael-contact-form-7\" data-id=\"040c053\" data-element_type=\"widget\" data-e-type=\"widget\" data-settings=\"{&quot;_animation&quot;:&quot;slideInRight&quot;,&quot;_animation_delay&quot;:300}\" data-widget_type=\"eael-contact-form-7.default\">\n\t\t\t\t<div class=\"elementor-widget-container\">\n\t\t\t\t\t<div class=\"eael-contact-form-7-wrapper\">\n                <div class=\"eael-contact-form eael-contact-form-7 eael-contact-form-040c053 placeholder-show eael-contact-form-align-default\">\n<div class=\"wpcf7 no-js\" id=\"wpcf7-f6031-o1\" lang=\"en-US\" dir=\"ltr\" data-wpcf7-id=\"6031\">\n<div class=\"screen-reader-response\"><p role=\"status\" aria-live=\"polite\" aria-atomic=\"true\"><\/p> <ul><\/ul><\/div>\n<form action=\"\/fr\/wp-json\/wp\/v2\/pages\/5710#wpcf7-f6031-o1\" method=\"post\" class=\"wpcf7-form init\" aria-label=\"Contact form\" novalidate=\"novalidate\" data-status=\"init\">\n<fieldset class=\"hidden-fields-container\"><input type=\"hidden\" name=\"_wpcf7\" value=\"6031\" \/><input type=\"hidden\" name=\"_wpcf7_version\" value=\"6.1.5\" \/><input type=\"hidden\" name=\"_wpcf7_locale\" value=\"en_US\" \/><input type=\"hidden\" name=\"_wpcf7_unit_tag\" value=\"wpcf7-f6031-o1\" \/><input type=\"hidden\" name=\"_wpcf7_container_post\" value=\"0\" \/><input type=\"hidden\" name=\"_wpcf7_posted_data_hash\" value=\"\" \/>\n<\/fieldset>\n<p><span class=\"wpcf7-form-control-wrap\" data-name=\"text-287\"><input size=\"40\" maxlength=\"400\" class=\"wpcf7-form-control wpcf7-text wpcf7-validates-as-required name-fr\" id=\"name-fr\" aria-required=\"true\" aria-invalid=\"false\" placeholder=\"Nom et pr\u00e9nom*\" value=\"\" type=\"text\" name=\"text-287\" \/><\/span><br \/>\n<span class=\"wpcf7-form-control-wrap\" data-name=\"email-279\"><input size=\"40\" maxlength=\"400\" class=\"wpcf7-form-control wpcf7-email wpcf7-validates-as-required wpcf7-text wpcf7-validates-as-email email-fr\" id=\"email-fr\" aria-required=\"true\" aria-invalid=\"false\" placeholder=\"E-mail*\" value=\"\" type=\"email\" name=\"email-279\" \/><\/span><br \/>\n<span class=\"wpcf7-form-control-wrap\" data-name=\"tel-487\"><input size=\"40\" maxlength=\"400\" class=\"wpcf7-form-control wpcf7-tel wpcf7-validates-as-required wpcf7-text wpcf7-validates-as-tel phone-num-fr\" id=\"phone-num-fr\" aria-required=\"true\" aria-invalid=\"false\" placeholder=\"Num\u00e9ro de t\u00e9l\u00e9phone*\" value=\"\" type=\"tel\" name=\"tel-487\" \/><\/span><br \/>\n<span class=\"wpcf7-form-control-wrap\" data-name=\"textarea-981\"><textarea cols=\"40\" rows=\"10\" maxlength=\"2000\" class=\"wpcf7-form-control wpcf7-textarea wpcf7-validates-as-required inquiry-fr\" id=\"inquiry-fr\" aria-required=\"true\" aria-invalid=\"false\" placeholder=\"Enqu\u00eate*\" name=\"textarea-981\"><\/textarea><\/span>\n<\/p>\n<p><input class=\"wpcf7-form-control wpcf7-submit has-spinner\" type=\"submit\" value=\"Envoyer le message\" \/>\n<\/p><div class=\"wpcf7-response-output\" aria-hidden=\"true\"><\/div>\n<\/form>\n<\/div>\n<\/div>\n            <\/div>\t\t\t\t<\/div>\n\t\t\t\t<\/div>\n\t\t\t\t<\/div>\n\t\t\t\t<\/div>\n\t\t\t\t<\/div>\n\t\t","protected":false},"excerpt":{"rendered":"<p>Nous contacter Maison | Nous contacter Coordonn\u00e9es +966125782800 alkiswah.sales@ihg.com Emplacement Tayseer Distrit, 24231 Makkah, Arabie Saoudite Suivez-nous Instagram Tiktok Snapchat-ghost Linkedin-in Envoyez-nous un message Veuillez utiliser le formulaire ci-dessous pour nous contacter.<\/p>\n","protected":false},"author":1,"featured_media":0,"parent":0,"menu_order":0,"comment_status":"closed","ping_status":"closed","template":"elementor_header_footer","meta":{"footnotes":""},"class_list":["post-5710","page","type-page","status-publish","hentry"],"aioseo_notices":[],"_links":{"self":[{"href":"https:\/\/alkiswah-towers.com\/fr\/wp-json\/wp\/v2\/pages\/5710","targetHints":{"allow":["GET"]}}],"collection":[{"href":"https:\/\/alkiswah-towers.com\/fr\/wp-json\/wp\/v2\/pages"}],"about":[{"href":"https:\/\/alkiswah-towers.com\/fr\/wp-json\/wp\/v2\/types\/page"}],"author":[{"embeddable":true,"href":"https:\/\/alkiswah-towers.com\/fr\/wp-json\/wp\/v2\/users\/1"}],"replies":[{"embeddable":true,"href":"https:\/\/alkiswah-towers.com\/fr\/wp-json\/wp\/v2\/comments?post=5710"}],"version-history":[{"count":6,"href":"https:\/\/alkiswah-towers.com\/fr\/wp-json\/wp\/v2\/pages\/5710\/revisions"}],"predecessor-version":[{"id":12656,"href":"https:\/\/alkiswah-towers.com\/fr\/wp-json\/wp\/v2\/pages\/5710\/revisions\/12656"}],"wp:attachment":[{"href":"https:\/\/alkiswah-towers.com\/fr\/wp-json\/wp\/v2\/media?parent=5710"}],"curies":[{"name":"wp","href":"https:\/\/api.w.org\/{rel}","templated":true}]}}