{"id":5910,"date":"2024-01-22T10:13:10","date_gmt":"2024-01-22T10:13:10","guid":{"rendered":"https:\/\/alkiswah-towers.com\/ueber-uns\/"},"modified":"2025-07-08T10:00:18","modified_gmt":"2025-07-08T10:00:18","slug":"ueber-uns","status":"publish","type":"page","link":"https:\/\/alkiswah-towers.com\/de\/ueber-uns\/","title":{"rendered":"\u00dcber uns"},"content":{"rendered":"\t\t<div data-elementor-type=\"wp-page\" data-elementor-id=\"5910\" class=\"elementor elementor-5910 elementor-15\">\n\t\t\t\t<div class=\"elementor-element elementor-element-498b55c e-con-full e-flex e-con e-parent\" data-id=\"498b55c\" data-element_type=\"container\" data-e-type=\"container\" data-settings=\"{&quot;background_background&quot;:&quot;slideshow&quot;,&quot;background_slideshow_gallery&quot;:[{&quot;id&quot;:2336,&quot;url&quot;:&quot;https:\\\/\\\/alkiswah-towers.com\\\/wp-content\\\/uploads\\\/2024\\\/02\\\/WTA_8166_edit.webp&quot;}],&quot;background_slideshow_loop&quot;:&quot;yes&quot;,&quot;background_slideshow_slide_duration&quot;:5000,&quot;background_slideshow_slide_transition&quot;:&quot;fade&quot;,&quot;background_slideshow_transition_duration&quot;:500}\">\n\t\t\t\t<div class=\"elementor-element elementor-element-6e1c20a animated-fast elementor-widget__width-initial elementor-invisible elementor-widget elementor-widget-page-title\" data-id=\"6e1c20a\" data-element_type=\"widget\" data-e-type=\"widget\" data-settings=\"{&quot;align&quot;:&quot;right&quot;,&quot;_animation&quot;:&quot;zoomIn&quot;,&quot;_animation_delay&quot;:200,&quot;align_mobile&quot;:&quot;center&quot;}\" data-widget_type=\"page-title.default\">\n\t\t\t\t<div class=\"elementor-widget-container\">\n\t\t\t\t\t\t\t\n\t\t<div class=\"hfe-page-title hfe-page-title-wrapper elementor-widget-heading\">\n\n\t\t\t\t\t\t\t\t<h2 class=\"elementor-heading-title elementor-size-default\">\n\t\t\t\t\t\t\t\t\n\t\t\t\t\u00dcber uns  \n\t\t\t<\/h2 > \n\t\t\t\t\t<\/div>\n\t\t\t\t\t\t<\/div>\n\t\t\t\t<\/div>\n\t\t\t\t<div class=\"elementor-element elementor-element-d203acf animated-fast elementor-widget__width-initial elementor-hidden-desktop elementor-hidden-tablet elementor-hidden-mobile elementor-invisible elementor-widget elementor-widget-heading\" data-id=\"d203acf\" data-element_type=\"widget\" data-e-type=\"widget\" data-settings=\"{&quot;_animation&quot;:&quot;slideInRight&quot;,&quot;_animation_delay&quot;:200}\" data-widget_type=\"heading.default\">\n\t\t\t\t<div class=\"elementor-widget-container\">\n\t\t\t\t\t<h2 class=\"elementor-heading-title elementor-size-default\">Unser Hotel ist eines der Besten<\/h2>\t\t\t\t<\/div>\n\t\t\t\t<\/div>\n\t\t\t\t<\/div>\n\t\t<div class=\"elementor-element elementor-element-b09f0f9 e-con-full elementor-hidden-desktop elementor-hidden-tablet elementor-hidden-mobile e-flex e-con e-parent\" data-id=\"b09f0f9\" data-element_type=\"container\" data-e-type=\"container\">\n\t\t<div class=\"elementor-element elementor-element-dd42243 e-con-full e-flex e-con e-child\" data-id=\"dd42243\" data-element_type=\"container\" data-e-type=\"container\">\n\t\t\t\t<div class=\"elementor-element elementor-element-7363b7d elementor-widget elementor-widget-heading\" data-id=\"7363b7d\" data-element_type=\"widget\" data-e-type=\"widget\" data-widget_type=\"heading.default\">\n\t\t\t\t<div class=\"elementor-widget-container\">\n\t\t\t\t\t<h2 class=\"elementor-heading-title elementor-size-default\"><a href=\"https:\/\/alkiswah-towers.com\/de\/\">Heim<\/a><\/h2>\t\t\t\t<\/div>\n\t\t\t\t<\/div>\n\t\t\t\t<\/div>\n\t\t<div class=\"elementor-element elementor-element-53adc70 e-con-full e-flex e-con e-child\" data-id=\"53adc70\" data-element_type=\"container\" data-e-type=\"container\">\n\t\t\t\t<div class=\"elementor-element elementor-element-1014d37 elementor-widget elementor-widget-heading\" data-id=\"1014d37\" data-element_type=\"widget\" data-e-type=\"widget\" data-widget_type=\"heading.default\">\n\t\t\t\t<div class=\"elementor-widget-container\">\n\t\t\t\t\t<h2 class=\"elementor-heading-title elementor-size-default\">|<\/h2>\t\t\t\t<\/div>\n\t\t\t\t<\/div>\n\t\t\t\t<\/div>\n\t\t<div class=\"elementor-element elementor-element-81c98b5 e-con-full e-flex e-con e-child\" data-id=\"81c98b5\" data-element_type=\"container\" data-e-type=\"container\">\n\t\t\t\t<div class=\"elementor-element elementor-element-fca8f81 elementor-widget elementor-widget-heading\" data-id=\"fca8f81\" data-element_type=\"widget\" data-e-type=\"widget\" data-widget_type=\"heading.default\">\n\t\t\t\t<div class=\"elementor-widget-container\">\n\t\t\t\t\t<h2 class=\"elementor-heading-title elementor-size-default\"><a href=\"https:\/\/alkiswah-towers.com\/de\/ueber-uns\/\">\u00dcber uns<\/a><\/h2>\t\t\t\t<\/div>\n\t\t\t\t<\/div>\n\t\t\t\t<\/div>\n\t\t\t\t<\/div>\n\t\t<div class=\"elementor-element elementor-element-52b3eab elementor-hidden-tablet elementor-hidden-mobile e-flex e-con-boxed e-con e-parent\" data-id=\"52b3eab\" data-element_type=\"container\" data-e-type=\"container\" data-settings=\"{&quot;background_background&quot;:&quot;classic&quot;}\">\n\t\t\t\t\t<div class=\"e-con-inner\">\n\t\t\t\t<div class=\"elementor-element elementor-element-cbfca8a elementor-widget elementor-widget-shortcode\" data-id=\"cbfca8a\" data-element_type=\"widget\" data-e-type=\"widget\" data-widget_type=\"shortcode.default\">\n\t\t\t\t<div class=\"elementor-widget-container\">\n\t\t\t\t\t\t\t<div class=\"elementor-shortcode\"><div class=\"containerrr\">\n\n\t\t<div id=\"quickbooking\" class=\"main quickbooking\">\n\n\n\t\t\t<form class=\"book-col-form closed\" action=\"\" method=\"post\" name=\"BookOnline\" target=\"_blank\" id=\"BookOnline\">\n\t\t\t\t\n\t\t\t\t<div class=\"book-col-column check-in\" style=\"text-align: left;border-right: 2px solid #000000;\">\n\n\t\t\t\t\t<label for=\"DD1\">Einchecken<\/label>\n\t\t\t\t\t<input id=\"arrival\" class=\"datepicker\" name=\"arrival\" value=\"\" type=\"text\" autofocuss style=\"border-top: 0px solid #d2d2d2;border-left: 0px solid #d2d2d2;border-bottom: 0px solid #d2d2d2;border-right: 0px;border-top-right-radius: 0;border-bottom-right-radius: 0;\">\n\t\t\t\t\t\n\t\t\t\t<\/div>\n\t\t\t\t\n\t\t\t\t<div class=\"book-col-column check-in\" style=\"text-align: left;border-right: 2px solid #000000;\">\n\n\t\t\t\t\t<label for=\"DD2\">Kasse<\/label>\n\t\t\t\t\t<input id=\"departure\" class=\"datepicker\" name=\"departure\" value=\"\" type=\"text\" autofocuss style=\"border-top: 0px solid #d2d2d2;border-right: 0px solid #d2d2d2;border-bottom: 0px solid #d2d2d2;border-left: 0px;border-top-left-radius: 0;border-bottom-left-radius: 0;\">\n\t\t\t\t\n\t\t\t\t\t\n\t\t\t\t<\/div>\n\t\t\t\t\n\t\t\t\t\n<!-- \t\t\t\t<div class=\"book-col-column promocode\" style=\"text-align: left;border-right: 2px solid #000000;\">\n\n\t\t\t\t\t<label for=\"promocode\"><\/label>\n\t\t\t\t\t<input id=\"promocode\" class=\"promocode\" name=\"promo\" value=\"\" type=\"text\" autofocuss style=\"border-top: 0px solid #d2d2d2;border-right: 0px solid #d2d2d2;border-bottom: 0px solid #d2d2d2;border-left: 0px;border-top-left-radius: 0;border-bottom-left-radius: 0;\">\n\t\t\t\t\n\t\t\t\t\t\n\t\t\t\t<\/div> -->\n\t\t\t\t\n\t\t\t\t <div class=\"book-col-column rooms\" style=\"text-align: left;border-right: 2px solid #000000;\">\n\t\t\t\t\t<label for=\"rooms\">Zimmer<\/label>\n\t\t\t\t\t<select id=\"rooms\" name=\"rooms\" style=\"text-align: left;border: 0px solid #d2d2d2;text-align: left;-webkit-appearance: none;\">\n\t\t\t\t\t\t<option value=\"1\">1<\/option>\n\t\t\t\t\t\t<option value=\"2\">2<\/option>\n\t\t\t\t\t\t<option value=\"3\">3<\/option>\n\t\t\t\t\t\t<option value=\"4\">4<\/option>\n\t\t\t\t\t<\/select>\n\t\t\t\t<\/div>\n\n\n\t\t\t\t<div class=\"book-col-column adults\" style=\"text-align: left;border-right: 2px solid #000000;\">\n\t\t\t\t\t<label for=\"adults\">Erwachsene<\/label>\n\t\t\t\t\t<select id=\"adults\" name=\"adults\" style=\"text-align: left;-webkit-appearance: none;border-top: 0px solid #d2d2d2;border-left: 0px; border-right: 0px solid #d2d2d2;\">\n\t\t\t\t\t\t<option value=\"1\">1 <\/option>\n\t\t\t\t\t\t<option value=\"2\" selected=\"selected\">2<\/option>\n\t\t\t\t\t\t<option value=\"3\">3<\/option>\n\t\t\t\t\t\t<option value=\"4\">4<\/option>\n\t\t\t\t\t\t<option value=\"5\">5<\/option>\n\t\t\t\t\t<\/select>\n\t\t\t\t\t\n\t\t\t\t\t\n\t\t\t\t<\/div>\n\t\t\t\t\n\t\t\t\t<div class=\"book-col-column kids\" style=\"text-align: left;\">\n\t\t\t\t\t<label for=\"kids\">Kind<\/label>\n\t\t\t\t<select id=\"kids\" name=\"kids\" style=\"text-align: left;-webkit-appearance: none;border-top: 0px solid #d2d2d2;border-left: 0px; border-right: 0px; solid #d2d2d2;\">\n\t\t\t\t\t\t<option value=\"0\">0 Kind<\/option>\n\t\t\t\t\t\t<option value=\"1\">1 Kind<\/option>\n\t\t\t\t\t\t<option value=\"2\">2 Kinder<\/option>\n\t\t\t\t\t\t<option value=\"3\">3 Kinder<\/option>\n\t\t\t\t\t\t<option value=\"4\">4 Kinder<\/option>\n\t\t\t\t\t<\/select>\n\t\t\t\t<\/div>\n\t\t\t\t\n\n               \n\t\t\t\t<div class=\"book-col-column book-now\">\n\t\t\t\t\t<div class=\"book-col-submit-wrap\">\n\t\t\t\t\t\t<input class=\"book-col-submit\" type=\"submit\" value=\"buchen Sie jetzt\" \/>\n\n\t\t\t\t\t<\/div>\n\n\t\t\t\t\t<div id=\"container\"><\/div>\n\t\t\t\t\t<input type=\"hidden\" name=\"Page\" value=\"19\">\n\t\t\t\t\t<input type=\"hidden\" name=\"lan_id\" value=\"de-DE\">\n\t\t\t\t\t<input type=\"hidden\" name=\"kid1\" value=\"-1\">\n\t\t\t\t\t<input type=\"hidden\" name=\"kid2\" value=\"1\">\n\t\t\t\t\t<input type=\"hidden\" name=\"kid3\" value=\"-1\">\n\t\t\t\t\t<input type=\"hidden\" name=\"extra\" value=\"0\">\n\t\t\t\t\t<input type=\"hidden\" name=\"cot\" value=\"0\">\n\t\t\t\t\t<input type=\"hidden\" name=\"src\" value=\"\">\n\n\t\t\t\t<\/div>\n\t\t\t<\/form>\n\t\t<\/div>\n\t<\/div>\n<\/div>\n\t\t\t\t\t\t<\/div>\n\t\t\t\t<\/div>\n\t\t\t\t\t<\/div>\n\t\t\t\t<\/div>\n\t\t<div class=\"elementor-element elementor-element-c7b0700 e-con-full e-flex e-con e-parent\" data-id=\"c7b0700\" data-element_type=\"container\" data-e-type=\"container\">\n\t\t<div class=\"elementor-element elementor-element-ac7ec52 e-con-full e-flex e-con e-child\" data-id=\"ac7ec52\" data-element_type=\"container\" data-e-type=\"container\">\n\t\t<div class=\"elementor-element elementor-element-43eb217 e-con-full e-flex e-con e-child\" data-id=\"43eb217\" data-element_type=\"container\" data-e-type=\"container\">\n\t\t\t\t<div class=\"elementor-element elementor-element-c93b712 animated-fast elementor-invisible elementor-widget elementor-widget-heading\" data-id=\"c93b712\" data-element_type=\"widget\" data-e-type=\"widget\" data-settings=\"{&quot;_animation&quot;:&quot;zoomIn&quot;,&quot;_animation_delay&quot;:200}\" data-widget_type=\"heading.default\">\n\t\t\t\t<div class=\"elementor-widget-container\">\n\t\t\t\t\t<h2 class=\"elementor-heading-title elementor-size-default\">Willkommen  <\/h2>\t\t\t\t<\/div>\n\t\t\t\t<\/div>\n\t\t\t\t<div class=\"elementor-element elementor-element-6675c02 animated-fast elementor-invisible elementor-widget elementor-widget-heading\" data-id=\"6675c02\" data-element_type=\"widget\" data-e-type=\"widget\" data-settings=\"{&quot;_animation&quot;:&quot;zoomIn&quot;,&quot;_animation_delay&quot;:200}\" data-widget_type=\"heading.default\">\n\t\t\t\t<div class=\"elementor-widget-container\">\n\t\t\t\t\t<h2 class=\"elementor-heading-title elementor-size-default\">Al Kiswah Towers Hotel<\/h2>\t\t\t\t<\/div>\n\t\t\t\t<\/div>\n\t\t\t\t<div class=\"elementor-element elementor-element-a50fa1b animated-fast elementor-invisible elementor-widget elementor-widget-text-editor\" data-id=\"a50fa1b\" data-element_type=\"widget\" data-e-type=\"widget\" data-settings=\"{&quot;_animation&quot;:&quot;slideInLeft&quot;,&quot;_animation_delay&quot;:200}\" data-widget_type=\"text-editor.default\">\n\t\t\t\t<div class=\"elementor-widget-container\">\n\t\t\t\t\t\t\t\t\t<p>Das Al Kiswah Towers Hotel erwartet Sie mit traditionellem WLAN in Mekka, 3,2 km von Abraj Al Bait und 8 km von der Al-Har\u0101m-Moschee entfernt. Die Unterkunft liegt 8 km von der Universit\u00e4t Um AlQura und 8 km von der Hira-H\u00f6hle entfernt. Mina liegt 11 km vom Hotel entfernt und das Einkaufszentrum Makkah Mall erreichen Sie nach 13 km. Alle G\u00e4stezimmer im Hotel sind mit einem Flachbild-TV ausgestattet. Die Zimmer verf\u00fcgen \u00fcber ein eigenes Bad.<br><br>An der Rezeption des Al Kiswah Towers Hotel erhalten Sie gern Informationen, die Ihnen dabei helfen, sich in der Gegend fortzubewegen. Arafat liegt 24 km von der Unterkunft entfernt. Der Flughafen K\u00f6nig-Abd-al-Aziz liegt 61 Meilen entfernt.<\/p>\t\t\t\t\t\t\t\t<\/div>\n\t\t\t\t<\/div>\n\t\t\t\t<\/div>\n\t\t<div class=\"elementor-element elementor-element-fb5f0c3 e-con-full e-flex e-con e-child\" data-id=\"fb5f0c3\" data-element_type=\"container\" data-e-type=\"container\" data-settings=\"{&quot;background_background&quot;:&quot;classic&quot;}\">\n\t\t\t\t<div class=\"elementor-element elementor-element-cc3b77f elementor-hidden-desktop elementor-widget elementor-widget-spacer\" data-id=\"cc3b77f\" data-element_type=\"widget\" data-e-type=\"widget\" data-widget_type=\"spacer.default\">\n\t\t\t\t<div class=\"elementor-widget-container\">\n\t\t\t\t\t\t\t<div class=\"elementor-spacer\">\n\t\t\t<div class=\"elementor-spacer-inner\"><\/div>\n\t\t<\/div>\n\t\t\t\t\t\t<\/div>\n\t\t\t\t<\/div>\n\t\t\t\t<div class=\"elementor-element elementor-element-af47bd3 animated-fast elementor-hidden-tablet elementor-hidden-mobile elementor-invisible elementor-widget elementor-widget-image\" data-id=\"af47bd3\" data-element_type=\"widget\" data-e-type=\"widget\" data-settings=\"{&quot;_animation&quot;:&quot;slideInRight&quot;,&quot;_animation_delay&quot;:200}\" data-widget_type=\"image.default\">\n\t\t\t\t<div class=\"elementor-widget-container\">\n\t\t\t\t\t\t\t\t\t\t\t\t\t\t\t<img decoding=\"async\" src=\"https:\/\/alkiswah-towers.com\/wp-content\/uploads\/elementor\/thumbs\/WTA_7219-qk69qq2n3f9zeupkdkkfn6yzi0m97udeplbfk62vjc.webp\" title=\"WTA_7219\" alt=\"WTA_7219\" loading=\"lazy\" \/>\t\t\t\t\t\t\t\t\t\t\t\t\t\t\t<\/div>\n\t\t\t\t<\/div>\n\t\t\t\t<\/div>\n\t\t\t\t<\/div>\n\t\t\t\t<\/div>\n\t\t<div class=\"elementor-element elementor-element-8fa0010 e-con-full e-flex e-con e-parent\" data-id=\"8fa0010\" data-element_type=\"container\" data-e-type=\"container\" data-settings=\"{&quot;background_background&quot;:&quot;classic&quot;}\">\n\t\t<div class=\"elementor-element elementor-element-5608b5c e-con-full e-flex e-con e-child\" data-id=\"5608b5c\" data-element_type=\"container\" data-e-type=\"container\" data-settings=\"{&quot;background_background&quot;:&quot;classic&quot;}\">\n\t\t\t\t<div class=\"elementor-element elementor-element-c191103 animated-fast elementor-hidden-tablet elementor-hidden-mobile elementor-invisible elementor-widget elementor-widget-image\" data-id=\"c191103\" data-element_type=\"widget\" data-e-type=\"widget\" data-settings=\"{&quot;_animation&quot;:&quot;slideInLeft&quot;,&quot;_animation_delay&quot;:200}\" data-widget_type=\"image.default\">\n\t\t\t\t<div class=\"elementor-widget-container\">\n\t\t\t\t\t\t\t\t\t\t\t\t\t\t\t<img decoding=\"async\" src=\"https:\/\/alkiswah-towers.com\/wp-content\/uploads\/elementor\/thumbs\/WTA_7963-qk6mx7zobhm5r4606vg78m33vweg9vwwz8fzohpkqw.webp\" title=\"WTA_7963\" alt=\"WTA_7963\" loading=\"lazy\" \/>\t\t\t\t\t\t\t\t\t\t\t\t\t\t\t<\/div>\n\t\t\t\t<\/div>\n\t\t\t\t<\/div>\n\t\t<div class=\"elementor-element elementor-element-c94fccb e-con-full animated-fast e-flex elementor-invisible e-con e-child\" data-id=\"c94fccb\" data-element_type=\"container\" data-e-type=\"container\" data-settings=\"{&quot;background_background&quot;:&quot;classic&quot;,&quot;animation&quot;:&quot;slideInRight&quot;,&quot;animation_delay&quot;:200}\">\n\t\t\t\t<div class=\"elementor-element elementor-element-f05ffff animated-fast elementor-invisible elementor-widget elementor-widget-heading\" data-id=\"f05ffff\" data-element_type=\"widget\" data-e-type=\"widget\" data-settings=\"{&quot;_animation&quot;:&quot;zoomIn&quot;,&quot;_animation_delay&quot;:200}\" data-widget_type=\"heading.default\">\n\t\t\t\t<div class=\"elementor-widget-container\">\n\t\t\t\t\t<h2 class=\"elementor-heading-title elementor-size-default\">Ber\u00fccksichtigen<\/h2>\t\t\t\t<\/div>\n\t\t\t\t<\/div>\n\t\t\t\t<div class=\"elementor-element elementor-element-e7f8ebb elementor-widget elementor-widget-text-editor\" data-id=\"e7f8ebb\" data-element_type=\"widget\" data-e-type=\"widget\" data-widget_type=\"text-editor.default\">\n\t\t\t\t<div class=\"elementor-widget-container\">\n\t\t\t\t\t\t\t\t\t<p>Bitte legen Sie beim Check-in Ihren Reisepass und die zur Buchung verwendete Bankkarte vor. Der Gast, der die Buchung vorgenommen hat, muss Inhaber der Bankkarte sein. Falls keine Karte vorgelegt wird, wird die Vorauszahlung zur\u00fcckerstattet und es ist eine andere Zahlungsmethode erforderlich.<\/p><p>Gem\u00e4\u00df den Richtlinien der Regierung zur Minimierung der \u00dcbertragung des Coronavirus (COVID-19) kann diese Unterkunft an Tagen, an denen solche Richtlinien gelten, von G\u00e4sten zus\u00e4tzliche Unterlagen zur \u00dcberpr\u00fcfung der Identit\u00e4t, des Reiseplans und anderer relevanter Informationen verlangen.<\/p><p>Als Reaktion auf das Coronavirus (COVID-19) gelten in dieser Unterkunft zus\u00e4tzliche Sicherheits- und Hygienema\u00dfnahmen. Bitte beachten Sie, dass alle Sonderw\u00fcnsche der Verf\u00fcgbarkeit unterliegen und m\u00f6glicherweise zus\u00e4tzliche Geb\u00fchren anfallen. Aufgrund der begrenzten Anzahl an Parkpl\u00e4tzen unterliegen die Parkpl\u00e4tze der Verf\u00fcgbarkeit.<\/p>\t\t\t\t\t\t\t\t<\/div>\n\t\t\t\t<\/div>\n\t\t\t\t<\/div>\n\t\t\t\t<\/div>\n\t\t\t\t<\/div>\n\t\t","protected":false},"excerpt":{"rendered":"<p>About Us Unser Hotel ist eines der Besten Heim | \u00dcber uns Willkommen Al Kiswah Towers Hotel Das Al Kiswah Towers Hotel erwartet Sie mit traditionellem WLAN in Mekka, 3,2 km von Abraj Al Bait und 8 km von der Al-Har\u0101m-Moschee entfernt. Die Unterkunft liegt 8 km von der Universit\u00e4t Um AlQura und 8 km [&hellip;]<\/p>\n","protected":false},"author":1,"featured_media":0,"parent":0,"menu_order":0,"comment_status":"closed","ping_status":"closed","template":"elementor_header_footer","meta":{"footnotes":""},"class_list":["post-5910","page","type-page","status-publish","hentry"],"aioseo_notices":[],"_links":{"self":[{"href":"https:\/\/alkiswah-towers.com\/de\/wp-json\/wp\/v2\/pages\/5910","targetHints":{"allow":["GET"]}}],"collection":[{"href":"https:\/\/alkiswah-towers.com\/de\/wp-json\/wp\/v2\/pages"}],"about":[{"href":"https:\/\/alkiswah-towers.com\/de\/wp-json\/wp\/v2\/types\/page"}],"author":[{"embeddable":true,"href":"https:\/\/alkiswah-towers.com\/de\/wp-json\/wp\/v2\/users\/1"}],"replies":[{"embeddable":true,"href":"https:\/\/alkiswah-towers.com\/de\/wp-json\/wp\/v2\/comments?post=5910"}],"version-history":[{"count":11,"href":"https:\/\/alkiswah-towers.com\/de\/wp-json\/wp\/v2\/pages\/5910\/revisions"}],"predecessor-version":[{"id":13908,"href":"https:\/\/alkiswah-towers.com\/de\/wp-json\/wp\/v2\/pages\/5910\/revisions\/13908"}],"wp:attachment":[{"href":"https:\/\/alkiswah-towers.com\/de\/wp-json\/wp\/v2\/media?parent=5910"}],"curies":[{"name":"wp","href":"https:\/\/api.w.org\/{rel}","templated":true}]}}