{"id":11004,"date":"2024-07-04T10:20:24","date_gmt":"2024-07-04T10:20:24","guid":{"rendered":"https:\/\/alkiswah-towers.com\/entdecken-sie-reiseziele\/"},"modified":"2024-10-03T05:11:33","modified_gmt":"2024-10-03T05:11:33","slug":"entdecken-sie-reiseziele","status":"publish","type":"page","link":"https:\/\/alkiswah-towers.com\/de\/entdecken-sie-reiseziele\/","title":{"rendered":"Entdecken Sie Reiseziele"},"content":{"rendered":"\t\t<div data-elementor-type=\"wp-page\" data-elementor-id=\"11004\" class=\"elementor elementor-11004 elementor-10978\">\n\t\t\t\t<div class=\"elementor-element elementor-element-ea4964e e-con-full e-flex e-con e-parent\" data-id=\"ea4964e\" data-element_type=\"container\" data-e-type=\"container\" data-settings=\"{&quot;background_background&quot;:&quot;classic&quot;}\">\n\t\t\t\t<div class=\"elementor-element elementor-element-c628f52 animated-fast elementor-widget__width-initial elementor-invisible elementor-widget elementor-widget-heading\" data-id=\"c628f52\" data-element_type=\"widget\" data-e-type=\"widget\" data-settings=\"{&quot;_animation&quot;:&quot;zoomIn&quot;,&quot;_animation_delay&quot;:200}\" data-widget_type=\"heading.default\">\n\t\t\t\t<div class=\"elementor-widget-container\">\n\t\t\t\t\t<h2 class=\"elementor-heading-title elementor-size-default\">Entdecken Sie Reiseziele<\/h2>\t\t\t\t<\/div>\n\t\t\t\t<\/div>\n\t\t\t\t<\/div>\n\t\t<div class=\"elementor-element elementor-element-4135c8c elementor-hidden-tablet elementor-hidden-mobile elementor-hidden-desktop e-flex e-con-boxed e-con e-parent\" data-id=\"4135c8c\" data-element_type=\"container\" data-e-type=\"container\" data-settings=\"{&quot;background_background&quot;:&quot;classic&quot;}\">\n\t\t\t\t\t<div class=\"e-con-inner\">\n\t\t\t\t<div class=\"elementor-element elementor-element-0882285 elementor-widget elementor-widget-shortcode\" data-id=\"0882285\" data-element_type=\"widget\" data-e-type=\"widget\" data-widget_type=\"shortcode.default\">\n\t\t\t\t<div class=\"elementor-widget-container\">\n\t\t\t\t\t\t\t<div class=\"elementor-shortcode\"><div class=\"containerrr\">\n\n\t\t<div id=\"quickbooking\" class=\"main quickbooking\">\n\n\n\t\t\t<form class=\"book-col-form closed\" action=\"\" method=\"post\" name=\"BookOnline\" target=\"_blank\" id=\"BookOnline\">\n\t\t\t\t\n\t\t\t\t<div class=\"book-col-column check-in\" style=\"text-align: left;border-right: 2px solid #000000;\">\n\n\t\t\t\t\t<label for=\"DD1\">Einchecken<\/label>\n\t\t\t\t\t<input id=\"arrival\" class=\"datepicker\" name=\"arrival\" value=\"\" type=\"text\" autofocuss style=\"border-top: 0px solid #d2d2d2;border-left: 0px solid #d2d2d2;border-bottom: 0px solid #d2d2d2;border-right: 0px;border-top-right-radius: 0;border-bottom-right-radius: 0;\">\n\t\t\t\t\t\n\t\t\t\t<\/div>\n\t\t\t\t\n\t\t\t\t<div class=\"book-col-column check-in\" style=\"text-align: left;border-right: 2px solid #000000;\">\n\n\t\t\t\t\t<label for=\"DD2\">Kasse<\/label>\n\t\t\t\t\t<input id=\"departure\" class=\"datepicker\" name=\"departure\" value=\"\" type=\"text\" autofocuss style=\"border-top: 0px solid #d2d2d2;border-right: 0px solid #d2d2d2;border-bottom: 0px solid #d2d2d2;border-left: 0px;border-top-left-radius: 0;border-bottom-left-radius: 0;\">\n\t\t\t\t\n\t\t\t\t\t\n\t\t\t\t<\/div>\n\t\t\t\t\n\t\t\t\t\n<!-- \t\t\t\t<div class=\"book-col-column promocode\" style=\"text-align: left;border-right: 2px solid #000000;\">\n\n\t\t\t\t\t<label for=\"promocode\"><\/label>\n\t\t\t\t\t<input id=\"promocode\" class=\"promocode\" name=\"promo\" value=\"\" type=\"text\" autofocuss style=\"border-top: 0px solid #d2d2d2;border-right: 0px solid #d2d2d2;border-bottom: 0px solid #d2d2d2;border-left: 0px;border-top-left-radius: 0;border-bottom-left-radius: 0;\">\n\t\t\t\t\n\t\t\t\t\t\n\t\t\t\t<\/div> -->\n\t\t\t\t\n\t\t\t\t <div class=\"book-col-column rooms\" style=\"text-align: left;border-right: 2px solid #000000;\">\n\t\t\t\t\t<label for=\"rooms\">Zimmer<\/label>\n\t\t\t\t\t<select id=\"rooms\" name=\"rooms\" style=\"text-align: left;border: 0px solid #d2d2d2;text-align: left;-webkit-appearance: none;\">\n\t\t\t\t\t\t<option value=\"1\">1<\/option>\n\t\t\t\t\t\t<option value=\"2\">2<\/option>\n\t\t\t\t\t\t<option value=\"3\">3<\/option>\n\t\t\t\t\t\t<option value=\"4\">4<\/option>\n\t\t\t\t\t<\/select>\n\t\t\t\t<\/div>\n\n\n\t\t\t\t<div class=\"book-col-column adults\" style=\"text-align: left;border-right: 2px solid #000000;\">\n\t\t\t\t\t<label for=\"adults\">Erwachsene<\/label>\n\t\t\t\t\t<select id=\"adults\" name=\"adults\" style=\"text-align: left;-webkit-appearance: none;border-top: 0px solid #d2d2d2;border-left: 0px; border-right: 0px solid #d2d2d2;\">\n\t\t\t\t\t\t<option value=\"1\">1 <\/option>\n\t\t\t\t\t\t<option value=\"2\" selected=\"selected\">2<\/option>\n\t\t\t\t\t\t<option value=\"3\">3<\/option>\n\t\t\t\t\t\t<option value=\"4\">4<\/option>\n\t\t\t\t\t\t<option value=\"5\">5<\/option>\n\t\t\t\t\t<\/select>\n\t\t\t\t\t\n\t\t\t\t\t\n\t\t\t\t<\/div>\n\t\t\t\t\n\t\t\t\t<div class=\"book-col-column kids\" style=\"text-align: left;\">\n\t\t\t\t\t<label for=\"kids\">Kind<\/label>\n\t\t\t\t<select id=\"kids\" name=\"kids\" style=\"text-align: left;-webkit-appearance: none;border-top: 0px solid #d2d2d2;border-left: 0px; border-right: 0px; solid #d2d2d2;\">\n\t\t\t\t\t\t<option value=\"0\">0 Kind<\/option>\n\t\t\t\t\t\t<option value=\"1\">1 Kind<\/option>\n\t\t\t\t\t\t<option value=\"2\">2 Kinder<\/option>\n\t\t\t\t\t\t<option value=\"3\">3 Kinder<\/option>\n\t\t\t\t\t\t<option value=\"4\">4 Kinder<\/option>\n\t\t\t\t\t<\/select>\n\t\t\t\t<\/div>\n\t\t\t\t\n\n               \n\t\t\t\t<div class=\"book-col-column book-now\">\n\t\t\t\t\t<div class=\"book-col-submit-wrap\">\n\t\t\t\t\t\t<input class=\"book-col-submit\" type=\"submit\" value=\"buchen Sie jetzt\" \/>\n\n\t\t\t\t\t<\/div>\n\n\t\t\t\t\t<div id=\"container\"><\/div>\n\t\t\t\t\t<input type=\"hidden\" name=\"Page\" value=\"19\">\n\t\t\t\t\t<input type=\"hidden\" name=\"lan_id\" value=\"de-DE\">\n\t\t\t\t\t<input type=\"hidden\" name=\"kid1\" value=\"-1\">\n\t\t\t\t\t<input type=\"hidden\" name=\"kid2\" value=\"1\">\n\t\t\t\t\t<input type=\"hidden\" name=\"kid3\" value=\"-1\">\n\t\t\t\t\t<input type=\"hidden\" name=\"extra\" value=\"0\">\n\t\t\t\t\t<input type=\"hidden\" name=\"cot\" value=\"0\">\n\t\t\t\t\t<input type=\"hidden\" name=\"src\" value=\"\">\n\n\t\t\t\t<\/div>\n\t\t\t<\/form>\n\t\t<\/div>\n\t<\/div>\n<\/div>\n\t\t\t\t\t\t<\/div>\n\t\t\t\t<\/div>\n\t\t\t\t\t<\/div>\n\t\t\t\t<\/div>\n\t\t<div class=\"elementor-element elementor-element-b813245 e-flex e-con-boxed e-con e-parent\" data-id=\"b813245\" data-element_type=\"container\" data-e-type=\"container\" id=\"al-haram\" data-settings=\"{&quot;background_background&quot;:&quot;slideshow&quot;,&quot;background_slideshow_gallery&quot;:[],&quot;background_slideshow_loop&quot;:&quot;yes&quot;,&quot;background_slideshow_slide_duration&quot;:5000,&quot;background_slideshow_slide_transition&quot;:&quot;fade&quot;,&quot;background_slideshow_transition_duration&quot;:500}\">\n\t\t\t\t\t<div class=\"e-con-inner\">\n\t\t<div class=\"elementor-element elementor-element-dc12f9b e-con-full e-flex e-con e-child\" data-id=\"dc12f9b\" data-element_type=\"container\" data-e-type=\"container\" data-settings=\"{&quot;background_background&quot;:&quot;slideshow&quot;,&quot;background_slideshow_gallery&quot;:[],&quot;background_slideshow_loop&quot;:&quot;yes&quot;,&quot;background_slideshow_slide_duration&quot;:5000,&quot;background_slideshow_slide_transition&quot;:&quot;fade&quot;,&quot;background_slideshow_transition_duration&quot;:500}\">\n\t\t\t\t<div class=\"elementor-element elementor-element-2b6b90b animated-fast elementor-invisible elementor-widget elementor-widget-image\" data-id=\"2b6b90b\" data-element_type=\"widget\" data-e-type=\"widget\" data-settings=\"{&quot;_animation&quot;:&quot;slideInRight&quot;,&quot;_animation_delay&quot;:200}\" data-widget_type=\"image.default\">\n\t\t\t\t<div class=\"elementor-widget-container\">\n\t\t\t\t\t\t\t\t\t\t\t\t\t\t\t<img decoding=\"async\" src=\"https:\/\/alkiswah-towers.com\/wp-content\/uploads\/elementor\/thumbs\/Makkah-SPA2-_1__1-ql1ijywhlhnzkhsnys25bnrg1fx5zghbss3x9lgej8.webp\" title=\"Makkah-SPA2-_1__1\" alt=\"Makkah-SPA2-_1__1\" loading=\"lazy\" \/>\t\t\t\t\t\t\t\t\t\t\t\t\t\t\t<\/div>\n\t\t\t\t<\/div>\n\t\t\t\t<\/div>\n\t\t<div class=\"elementor-element elementor-element-4c93d5c e-con-full e-flex e-con e-child\" data-id=\"4c93d5c\" data-element_type=\"container\" data-e-type=\"container\">\n\t\t\t\t<div class=\"elementor-element elementor-element-7492d49 animated-fast elementor-invisible elementor-widget elementor-widget-heading\" data-id=\"7492d49\" data-element_type=\"widget\" data-e-type=\"widget\" data-settings=\"{&quot;_animation&quot;:&quot;zoomIn&quot;,&quot;_animation_delay&quot;:200}\" data-widget_type=\"heading.default\">\n\t\t\t\t<div class=\"elementor-widget-container\">\n\t\t\t\t\t<h2 class=\"elementor-heading-title elementor-size-default\">Al Haram<\/h2>\t\t\t\t<\/div>\n\t\t\t\t<\/div>\n\t\t\t\t<div class=\"elementor-element elementor-element-e58404c animated-fast elementor-widget__width-initial elementor-invisible elementor-widget elementor-widget-text-editor\" data-id=\"e58404c\" data-element_type=\"widget\" data-e-type=\"widget\" data-settings=\"{&quot;_animation&quot;:&quot;slideInRight&quot;,&quot;_animation_delay&quot;:200}\" data-widget_type=\"text-editor.default\">\n\t\t\t\t<div class=\"elementor-widget-container\">\n\t\t\t\t\t\t\t\t\t<p>Al Haram, dass im Herzen der Stadt Mekka, die das erste Haus f\u00fcr die Menschen auf dem Gesicht der Erde platziert, um Gott in ihm nach dem islamischen Glauben zu verehren ist, und dies ist der gr\u00f6\u00dfte und heiligste Ort auf dem Gesicht der Erde f\u00fcr Muslime befindet sich 900 Meter oder 02 Minuten von unserem kostenlosen Shuttle-Bus von Al Kiswah Towers Hotel.<\/p>\n\t\t\t\t\t\t\t\t<\/div>\n\t\t\t\t<\/div>\n\t\t\t\t<\/div>\n\t\t\t\t\t<\/div>\n\t\t\t\t<\/div>\n\t\t<div class=\"elementor-element elementor-element-6f333a1 e-flex e-con-boxed e-con e-parent\" data-id=\"6f333a1\" data-element_type=\"container\" data-e-type=\"container\" id=\"haramain\">\n\t\t\t\t\t<div class=\"e-con-inner\">\n\t\t<div class=\"elementor-element elementor-element-eca4180 e-con-full e-flex e-con e-child\" data-id=\"eca4180\" data-element_type=\"container\" data-e-type=\"container\">\n\t\t\t\t<div class=\"elementor-element elementor-element-2c99c15 animated-fast elementor-widget__width-initial elementor-invisible elementor-widget elementor-widget-heading\" data-id=\"2c99c15\" data-element_type=\"widget\" data-e-type=\"widget\" data-settings=\"{&quot;_animation&quot;:&quot;zoomIn&quot;,&quot;_animation_delay&quot;:200}\" data-widget_type=\"heading.default\">\n\t\t\t\t<div class=\"elementor-widget-container\">\n\t\t\t\t\t<h2 class=\"elementor-heading-title elementor-size-default\">Bahnhof Haramain<\/h2>\t\t\t\t<\/div>\n\t\t\t\t<\/div>\n\t\t\t\t<div class=\"elementor-element elementor-element-f00a2d4 animated-fast elementor-widget__width-inherit elementor-invisible elementor-widget elementor-widget-text-editor\" data-id=\"f00a2d4\" data-element_type=\"widget\" data-e-type=\"widget\" data-settings=\"{&quot;_animation&quot;:&quot;slideInRight&quot;,&quot;_animation_delay&quot;:200}\" data-widget_type=\"text-editor.default\">\n\t\t\t\t<div class=\"elementor-widget-container\">\n\t\t\t\t\t\t\t\t\t<p>Die Haramain High-Speed Railway (HHR) ist eine elektrische Bahnstrecke mit einer optionalen Geschwindigkeit von 300 km\/h. Die HHR soll Passagiere, die zwischen den Heiligen St\u00e4dten Makkah und Madinah reisen wollen, mit KAEC, Jeddah und dem Flughafen Jeddah verbinden. Die HHR-Z\u00fcge sind ein schnelles, komfortables, zuverl\u00e4ssiges und sicheres Verkehrsmittel und nur 4,3 km oder 13 Minuten Fahrt vom Al Kiswah Towers Hotel entfernt.<\/p>\n\t\t\t\t\t\t\t\t<\/div>\n\t\t\t\t<\/div>\n\t\t\t\t<\/div>\n\t\t<div class=\"elementor-element elementor-element-36353d5 e-con-full e-flex e-con e-child\" data-id=\"36353d5\" data-element_type=\"container\" data-e-type=\"container\" data-settings=\"{&quot;background_background&quot;:&quot;slideshow&quot;,&quot;background_slideshow_gallery&quot;:[],&quot;background_slideshow_loop&quot;:&quot;yes&quot;,&quot;background_slideshow_slide_duration&quot;:5000,&quot;background_slideshow_slide_transition&quot;:&quot;fade&quot;,&quot;background_slideshow_transition_duration&quot;:500}\">\n\t\t\t\t<div class=\"elementor-element elementor-element-1d99e9a animated-fast elementor-invisible elementor-widget elementor-widget-image\" data-id=\"1d99e9a\" data-element_type=\"widget\" data-e-type=\"widget\" data-settings=\"{&quot;_animation&quot;:&quot;slideInRight&quot;,&quot;_animation_delay&quot;:200}\" data-widget_type=\"image.default\">\n\t\t\t\t<div class=\"elementor-widget-container\">\n\t\t\t\t\t\t\t\t\t\t\t\t\t\t\t<img decoding=\"async\" src=\"https:\/\/alkiswah-towers.com\/wp-content\/uploads\/elementor\/thumbs\/mecca2_orig_2-ql1ik2nuctt4uxn7ctonlmtaezemu8w95apv6patuc.webp\" title=\"mecca2_orig_2\" alt=\"mecca2_orig_2\" loading=\"lazy\" \/>\t\t\t\t\t\t\t\t\t\t\t\t\t\t\t<\/div>\n\t\t\t\t<\/div>\n\t\t\t\t<\/div>\n\t\t\t\t\t<\/div>\n\t\t\t\t<\/div>\n\t\t<div class=\"elementor-element elementor-element-d124c41 e-flex e-con-boxed e-con e-parent\" data-id=\"d124c41\" data-element_type=\"container\" data-e-type=\"container\" id=\"mecca-museum\">\n\t\t\t\t\t<div class=\"e-con-inner\">\n\t\t<div class=\"elementor-element elementor-element-cfa8f84 e-con-full e-flex e-con e-child\" data-id=\"cfa8f84\" data-element_type=\"container\" data-e-type=\"container\" data-settings=\"{&quot;background_background&quot;:&quot;slideshow&quot;,&quot;background_slideshow_gallery&quot;:[],&quot;background_slideshow_loop&quot;:&quot;yes&quot;,&quot;background_slideshow_slide_duration&quot;:5000,&quot;background_slideshow_slide_transition&quot;:&quot;fade&quot;,&quot;background_slideshow_transition_duration&quot;:500}\">\n\t\t\t\t<div class=\"elementor-element elementor-element-d3d1181 animated-fast elementor-invisible elementor-widget elementor-widget-image\" data-id=\"d3d1181\" data-element_type=\"widget\" data-e-type=\"widget\" data-settings=\"{&quot;_animation&quot;:&quot;slideInRight&quot;,&quot;_animation_delay&quot;:200}\" data-widget_type=\"image.default\">\n\t\t\t\t<div class=\"elementor-widget-container\">\n\t\t\t\t\t\t\t\t\t\t\t\t\t\t\t<img decoding=\"async\" src=\"https:\/\/alkiswah-towers.com\/wp-content\/uploads\/elementor\/thumbs\/2-1651062321-ql1ika6jvi3fftca4wxo5kwz62dkjtq3ubxr0wzogk.webp\" title=\"2-1651062321\" alt=\"2-1651062321\" loading=\"lazy\" \/>\t\t\t\t\t\t\t\t\t\t\t\t\t\t\t<\/div>\n\t\t\t\t<\/div>\n\t\t\t\t<\/div>\n\t\t<div class=\"elementor-element elementor-element-74cd991 e-con-full e-flex e-con e-child\" data-id=\"74cd991\" data-element_type=\"container\" data-e-type=\"container\">\n\t\t\t\t<div class=\"elementor-element elementor-element-8abb799 animated-fast elementor-invisible elementor-widget elementor-widget-heading\" data-id=\"8abb799\" data-element_type=\"widget\" data-e-type=\"widget\" data-settings=\"{&quot;_animation&quot;:&quot;zoomIn&quot;,&quot;_animation_delay&quot;:200}\" data-widget_type=\"heading.default\">\n\t\t\t\t<div class=\"elementor-widget-container\">\n\t\t\t\t\t<h2 class=\"elementor-heading-title elementor-size-default\">Mekka-Museum<\/h2>\t\t\t\t<\/div>\n\t\t\t\t<\/div>\n\t\t\t\t<div class=\"elementor-element elementor-element-27f4888 animated-fast elementor-widget__width-initial elementor-invisible elementor-widget elementor-widget-text-editor\" data-id=\"27f4888\" data-element_type=\"widget\" data-e-type=\"widget\" data-settings=\"{&quot;_animation&quot;:&quot;slideInRight&quot;,&quot;_animation_delay&quot;:200}\" data-widget_type=\"text-editor.default\">\n\t\t\t\t<div class=\"elementor-widget-container\">\n\t\t\t\t\t\t\t\t\t<p>Das Palastmuseum in Mekka ist ein historisches Museum, das die Geschichte von Mekka und verschiedene arch\u00e4ologische Sammlungen f\u00fcr verschiedene Perioden der islamischen Geschichte in der Region ausstellt. Es wurde auf einer Fl\u00e4che von 2700 m2 auf zwei Stockwerken und in den umliegenden G\u00e4rten errichtet. Es liegt nur 2,5 km oder 05 Minuten Fahrt vom Al Kiswah Towers Hotel entfernt.<\/p>\n\t\t\t\t\t\t\t\t<\/div>\n\t\t\t\t<\/div>\n\t\t\t\t<\/div>\n\t\t\t\t\t<\/div>\n\t\t\t\t<\/div>\n\t\t\t\t<\/div>\n\t\t","protected":false},"excerpt":{"rendered":"<p>Entdecken Sie Reiseziele Al Haram Al Haram, dass im Herzen der Stadt Mekka, die das erste Haus f\u00fcr die Menschen auf dem Gesicht der Erde platziert, um Gott in ihm nach dem islamischen Glauben zu verehren ist, und dies ist der gr\u00f6\u00dfte und heiligste Ort auf dem Gesicht der Erde f\u00fcr Muslime befindet sich 900 [&hellip;]<\/p>\n","protected":false},"author":1,"featured_media":0,"parent":0,"menu_order":0,"comment_status":"closed","ping_status":"closed","template":"elementor_header_footer","meta":{"footnotes":""},"class_list":["post-11004","page","type-page","status-publish","hentry"],"aioseo_notices":[],"_links":{"self":[{"href":"https:\/\/alkiswah-towers.com\/de\/wp-json\/wp\/v2\/pages\/11004","targetHints":{"allow":["GET"]}}],"collection":[{"href":"https:\/\/alkiswah-towers.com\/de\/wp-json\/wp\/v2\/pages"}],"about":[{"href":"https:\/\/alkiswah-towers.com\/de\/wp-json\/wp\/v2\/types\/page"}],"author":[{"embeddable":true,"href":"https:\/\/alkiswah-towers.com\/de\/wp-json\/wp\/v2\/users\/1"}],"replies":[{"embeddable":true,"href":"https:\/\/alkiswah-towers.com\/de\/wp-json\/wp\/v2\/comments?post=11004"}],"version-history":[{"count":17,"href":"https:\/\/alkiswah-towers.com\/de\/wp-json\/wp\/v2\/pages\/11004\/revisions"}],"predecessor-version":[{"id":13322,"href":"https:\/\/alkiswah-towers.com\/de\/wp-json\/wp\/v2\/pages\/11004\/revisions\/13322"}],"wp:attachment":[{"href":"https:\/\/alkiswah-towers.com\/de\/wp-json\/wp\/v2\/media?parent=11004"}],"curies":[{"name":"wp","href":"https:\/\/api.w.org\/{rel}","templated":true}]}}